{"id":1001,"date":"2015-06-11T13:45:00","date_gmt":"2015-06-11T11:45:00","guid":{"rendered":"http:\/\/www.llealtulsa.com\/?page_id=1001"},"modified":"2015-06-11T13:45:00","modified_gmt":"2015-06-11T11:45:00","slug":"proteccion-de-datos","status":"publish","type":"page","link":"https:\/\/www.llealtulsa.com\/es\/proteccion-de-datos\/","title":{"rendered":"Protecci\u00f3n de datos"},"content":{"rendered":"<p><strong>POL\u00cdTICA DE PROTECCI\u00d3N DE DATOS DE CAR\u00c1CTER PERSONAL<\/strong><\/p>\n<p>-A trav\u00e9s de este aviso legal, <span style=\"font-weight: bold; color: #545454;\">Lleal Tuls\u00e0 Associats<\/span>\u00a0informa los usuarios de este sitio web, en cumplimiento de la Ley org\u00e1nica 15\/1999, de 13 de diciembre, de protecci\u00f3n de datos de car\u00e1cter personal (de ahora en adelante *LOPD) sobre su pol\u00edtica de protecci\u00f3n de datos personales con el fin de que estos decidan de forma expresa, libre y voluntaria si desean facilitar a <span style=\"font-weight: bold; color: #545454;\">Lleal Tuls\u00e0 Associats<\/span> los datos personales que les son solicitados.<\/p>\n<p>-El usuario, al facilitar voluntariamente sus datos personales a trav\u00e9s de cualquier formulario de este sitio web o mensaje de correo electr\u00f3nico y aceptar la remisi\u00f3n, autoriza expresamente a\u00a0<span style=\"font-weight: bold; color: #545454;\">Lleal Tuls\u00e0 Associats<\/span> que trate e incorpore en un fichero de su propiedad aquellos datos enviados.<\/p>\n<p>-La recogida y el tratamiento de los datos personales que el usuario facilite tiene como finalidad atender su petici\u00f3n o consulta, y poderle prestar nuestros servicios de una manera eficiente.<\/p>\n<p>-Al proporcionarnos sus datos de car\u00e1cter personal a trav\u00e9s de este sitio web, usted autoriza y mujer el consentimiento al tratamiento de sus datos por parte\u00a0<span style=\"font-weight: bold; color: #545454;\">Lleal Tuls\u00e0 Associats<\/span> con la finalidad indicada en su punto anterior as\u00ed como por el env\u00edo de informaci\u00f3n sobre las ofertas, servicios y\/o productos que ofrecemos, por cualquier medio de comunicaci\u00f3n, incluido el electr\u00f3nico.<\/p>\n<p>-Los datos personales que facilite el usuario tendr\u00e1n que ser verdaderas, exactas, completas y actualizadas, y este tendr\u00e1 que responder de los da\u00f1os y perjuicios que se pudieran ocasionar debido al no cumplimiento de esta obligaci\u00f3n.<\/p>\n<p>&#8211;<span style=\"font-weight: bold; color: #545454;\">Lleal Tuls\u00e0 Associats<\/span> ha adoptado las medidas t\u00e9cnicas necesarias para evitar la alteraci\u00f3n, la p\u00e9rdida o el tratamiento no autorizado de los datos personales que el usuario facilite, teniendo en cuenta las limitaciones que presenta Internet, y manifiesta su compromiso de confidencialidad respecto al tratamiento de los datos personales del usuario.<\/p>\n<p>-El usuario tiene derecho a acceder a la informaci\u00f3n que le concierne recopilada en el fichero <strong> <span style=\"color: #545454;\">Lleal Tuls\u00e0 Associats<\/span><\/strong>, rectificarla si es err\u00f3nea, cancelarla y oponerse a su tratamiento mandando un mensaje de correo electr\u00f3nico a <strong>info@llealtulsa<\/strong>\u00a0o una carta a\u00a0<strong><span style=\"color: #222222;\">Ronda Ferran Puig, 9, 17001 (Girona)<\/span><\/strong>.<\/p>\n<p>&#8211;<span style=\"font-weight: bold; color: #545454;\">Lleal Tuls\u00e0 Associats<\/span> le informa que este sitio web utiliza cookies. Una cookie es un archivo de texto muy peque\u00f1o que un servidor web puede guardar en el disco de un equipo para almacenar alg\u00fan tipo de informaci\u00f3n sobre el usuario. La cookie identifica el equipo de manera \u00fanica y s\u00f3lo puede ser le\u00edda por el sitio web que envi\u00f3 la cookie al equipo. Normalmente los sitios web utilizan las cookies para obtener informaci\u00f3n estad\u00edstica sobre sus p\u00e1ginas web. Una cookie no es un archivo ejecutable, no puede propagar o contener virus y no puede tener una longitud superior a 4.000 caracteres.<\/p>\n<p>&#8211;<span style=\"font-weight: bold; color: #545454;\">Lleal Tuls\u00e0 Associats\u00a0<\/span>utiliza cookies con la exclusiva finalidad de elaborar estad\u00edsticas de utilizaci\u00f3n de su sitio web. La informaci\u00f3n que <span style=\"font-weight: bold; color: #545454;\">Lleal Tuls\u00e0 Associats\u00a0<\/span>almacena en su equipo mediante este mecanismo constituye \u00fanicamente un n\u00famero que identifica su equipo y que permitir\u00e1 reconocerlo en sus pr\u00f3ximas visitas al nuestros sitio web. La cookie no contiene datos de car\u00e1cter personal.<\/p>\n<p>Usted puede configurar su navegador para aceptar o no las cookies que recibe, o porque lo avise cuando un servidor quiera guardar una cookie. Para hacerlo:<\/p>\n<p>&#8211; Si utiliza Microsoft Internet Explorer, a la opci\u00f3n de men\u00fa Ver, seleccionando Opciones de Internet y accediendo a Opciones Avanzadas.<br \/>\n&#8211; Si utiliza Netscape, a la opci\u00f3n del men\u00fa Edici\u00f3n, seleccionando Preferencias, y accediendo a la categor\u00eda Avanzadas.<\/p>\n<p>&#8211;<span style=\"font-weight: bold; color: #545454;\">Lleal Tuls\u00e0 Associats<\/span> ha incluido en su web una adaptaci\u00f3n para recoger la informaci\u00f3n a Google a trav\u00e9s de su sistema estad\u00edstico Google Analitycs, respetando las condiciones de privacidad que especifica el servicio y en particular se informa al usuario que esta p\u00e1gina utiliza Google Analytics, un servicio anal\u00edtico de web prestado por Google, Inc., una compa\u00f1\u00eda de Delaware, donde la oficina principal est\u00e1 a 1600 Amphitheatre Parkway, Mountain View (California), CA 94043, Estados Unidos (\u00abGoogle\u00bb). Google Analytics utiliza \u00abcookies\u00bb, que son archivos de texto ubicados en su ordenador, para ayudar al sitio web a analizar el uso que hacen los usuarios del sitio web. La informaci\u00f3n que genera la cookie sobre el uso que hace del sitio web (incluyendo su direcci\u00f3n IP) ser\u00e1 directamente enviada y archivada por Google en el servidores de Estados Unidos. Google usar\u00e1 esta informaci\u00f3n por cuenta <span style=\"font-weight: bold; color: #545454;\">Lleal Tuls\u00e0 Associats<\/span> con el prop\u00f3sito de seguir la pista del uso del sitio web, recopilando informes de la actividad del sitio web y prestando otros servicios relacionados con la actividad del sitio web y el uso de Internet. Google podr\u00e1 transmitir esta informaci\u00f3n a terceros cuando as\u00ed lo requiera la legislaci\u00f3n, o cuando estos terceros procesen la informaci\u00f3n por cuenta de Google. Google no asociar\u00e1 su direcci\u00f3n IP con ninguno otro dato de que disponga Google. Usted podr\u00e1 rechazar el tratamiento de los datos o la informaci\u00f3n rechazando el uso de cookies mediante la selecci\u00f3n de la configuraci\u00f3n apropiada de su navegador. No obstante, Usted tiene que conocer que si lo hace puede ser que no pueda utilizar la llena funcionalidad de este sitio web. Al utilizar este sitio web Usted consiente el tratamiento de informaci\u00f3n relativa a Usted por Google en la forma y por los fines indicados.<\/p>\n<p>&#8211;<span style=\"font-weight: bold; color: #545454;\">Lleal Tuls\u00e0 Associats<\/span>, tambi\u00e9n podr\u00e1 registrar las direcciones IP para diagnosticar cualquier problema con nuestro servidor, para administrar nuestra p\u00e1gina web y para analizar las tendencias de los usuarios<\/p>\n","protected":false},"excerpt":{"rendered":"<p>POL\u00cdTICA DE PROTECCI\u00d3N DE DATOS DE CAR\u00c1CTER PERSONAL -A trav\u00e9s de este aviso legal, Lleal Tuls\u00e0 Associats\u00a0informa los usuarios de este sitio web, en cumplimiento de la Ley org\u00e1nica 15\/1999, de 13 de diciembre, de protecci\u00f3n de datos de car\u00e1cter personal (de ahora en adelante *LOPD) sobre su pol\u00edtica de protecci\u00f3n de datos personales con [&hellip;]<\/p>\n","protected":false},"author":1,"featured_media":0,"parent":0,"menu_order":14,"comment_status":"closed","ping_status":"closed","template":"","meta":{"inline_featured_image":false,"footnotes":""},"class_list":["post-1001","page","type-page","status-publish","hentry"],"yoast_head":"<!-- This site is optimized with the Yoast SEO plugin v27.4 - https:\/\/yoast.com\/product\/yoast-seo-wordpress\/ -->\n<title>Protecci\u00f3n de datos | Lleal Tuls\u00e0 Assessors<\/title>\n<meta name=\"robots\" content=\"index, follow, max-snippet:-1, max-image-preview:large, max-video-preview:-1\" \/>\n<link rel=\"canonical\" href=\"https:\/\/www.llealtulsa.com\/es\/proteccion-de-datos\/\" \/>\n<meta property=\"og:locale\" content=\"es_ES\" \/>\n<meta property=\"og:type\" content=\"article\" \/>\n<meta property=\"og:title\" content=\"Protecci\u00f3n de datos | Lleal Tuls\u00e0 Assessors\" \/>\n<meta property=\"og:description\" content=\"POL\u00cdTICA DE PROTECCI\u00d3N DE DATOS DE CAR\u00c1CTER PERSONAL -A trav\u00e9s de este aviso legal, Lleal Tuls\u00e0 Associats\u00a0informa los usuarios de este sitio web, en cumplimiento de la Ley org\u00e1nica 15\/1999, de 13 de diciembre, de protecci\u00f3n de datos de car\u00e1cter personal (de ahora en adelante *LOPD) sobre su pol\u00edtica de protecci\u00f3n de datos personales con [&hellip;]\" \/>\n<meta property=\"og:url\" content=\"https:\/\/www.llealtulsa.com\/es\/proteccion-de-datos\/\" \/>\n<meta property=\"og:site_name\" content=\"Lleal Tuls\u00e0 Assessors\" \/>\n<meta property=\"article:publisher\" content=\"https:\/\/www.facebook.com\/LlealTulsaAssessors\" \/>\n<meta name=\"twitter:label1\" content=\"Tiempo de lectura\" \/>\n\t<meta name=\"twitter:data1\" content=\"5 minutos\" \/>\n<script type=\"application\/ld+json\" class=\"yoast-schema-graph\">{\"@context\":\"https:\\\/\\\/schema.org\",\"@graph\":[{\"@type\":\"WebPage\",\"@id\":\"https:\\\/\\\/www.llealtulsa.com\\\/es\\\/proteccion-de-datos\\\/\",\"url\":\"https:\\\/\\\/www.llealtulsa.com\\\/es\\\/proteccion-de-datos\\\/\",\"name\":\"Protecci\u00f3n de datos | Lleal Tuls\u00e0 Assessors\",\"isPartOf\":{\"@id\":\"https:\\\/\\\/www.llealtulsa.com\\\/#website\"},\"datePublished\":\"2015-06-11T11:45:00+00:00\",\"breadcrumb\":{\"@id\":\"https:\\\/\\\/www.llealtulsa.com\\\/es\\\/proteccion-de-datos\\\/#breadcrumb\"},\"inLanguage\":\"es\",\"potentialAction\":[{\"@type\":\"ReadAction\",\"target\":[\"https:\\\/\\\/www.llealtulsa.com\\\/es\\\/proteccion-de-datos\\\/\"]}]},{\"@type\":\"BreadcrumbList\",\"@id\":\"https:\\\/\\\/www.llealtulsa.com\\\/es\\\/proteccion-de-datos\\\/#breadcrumb\",\"itemListElement\":[{\"@type\":\"ListItem\",\"position\":1,\"name\":\"Inici\",\"item\":\"https:\\\/\\\/www.llealtulsa.com\\\/\"},{\"@type\":\"ListItem\",\"position\":2,\"name\":\"Protecci\u00f3n de datos\"}]},{\"@type\":\"WebSite\",\"@id\":\"https:\\\/\\\/www.llealtulsa.com\\\/#website\",\"url\":\"https:\\\/\\\/www.llealtulsa.com\\\/\",\"name\":\"Lleal Tuls\u00e0 Assessors\",\"description\":\"Asesoramiento integral para particulares y empresas desde 1984\",\"publisher\":{\"@id\":\"https:\\\/\\\/www.llealtulsa.com\\\/#organization\"},\"potentialAction\":[{\"@type\":\"SearchAction\",\"target\":{\"@type\":\"EntryPoint\",\"urlTemplate\":\"https:\\\/\\\/www.llealtulsa.com\\\/?s={search_term_string}\"},\"query-input\":{\"@type\":\"PropertyValueSpecification\",\"valueRequired\":true,\"valueName\":\"search_term_string\"}}],\"inLanguage\":\"es\"},{\"@type\":\"Organization\",\"@id\":\"https:\\\/\\\/www.llealtulsa.com\\\/#organization\",\"name\":\"Lleal Tuls\u00e0\",\"url\":\"https:\\\/\\\/www.llealtulsa.com\\\/\",\"logo\":{\"@type\":\"ImageObject\",\"inLanguage\":\"es\",\"@id\":\"https:\\\/\\\/www.llealtulsa.com\\\/#\\\/schema\\\/logo\\\/image\\\/\",\"url\":\"https:\\\/\\\/www.llealtulsa.com\\\/wp-content\\\/uploads\\\/2014\\\/04\\\/logo-lleal-tulsa-500px.png\",\"contentUrl\":\"https:\\\/\\\/www.llealtulsa.com\\\/wp-content\\\/uploads\\\/2014\\\/04\\\/logo-lleal-tulsa-500px.png\",\"width\":500,\"height\":150,\"caption\":\"Lleal Tuls\u00e0\"},\"image\":{\"@id\":\"https:\\\/\\\/www.llealtulsa.com\\\/#\\\/schema\\\/logo\\\/image\\\/\"},\"sameAs\":[\"https:\\\/\\\/www.facebook.com\\\/LlealTulsaAssessors\",\"https:\\\/\\\/x.com\\\/lleal_tulsa\",\"https:\\\/\\\/www.instagram.com\\\/llealtulsa\\\/\",\"https:\\\/\\\/www.linkedin.com\\\/company\\\/lleal-tuls-assessors\\\/\",\"https:\\\/\\\/www.youtube.com\\\/channel\\\/UCxLROGtt5RbLQakAFn6dVqw\"]}]}<\/script>\n<!-- \/ Yoast SEO plugin. -->","yoast_head_json":{"title":"Protecci\u00f3n de datos | Lleal Tuls\u00e0 Assessors","robots":{"index":"index","follow":"follow","max-snippet":"max-snippet:-1","max-image-preview":"max-image-preview:large","max-video-preview":"max-video-preview:-1"},"canonical":"https:\/\/www.llealtulsa.com\/es\/proteccion-de-datos\/","og_locale":"es_ES","og_type":"article","og_title":"Protecci\u00f3n de datos | Lleal Tuls\u00e0 Assessors","og_description":"POL\u00cdTICA DE PROTECCI\u00d3N DE DATOS DE CAR\u00c1CTER PERSONAL -A trav\u00e9s de este aviso legal, Lleal Tuls\u00e0 Associats\u00a0informa los usuarios de este sitio web, en cumplimiento de la Ley org\u00e1nica 15\/1999, de 13 de diciembre, de protecci\u00f3n de datos de car\u00e1cter personal (de ahora en adelante *LOPD) sobre su pol\u00edtica de protecci\u00f3n de datos personales con [&hellip;]","og_url":"https:\/\/www.llealtulsa.com\/es\/proteccion-de-datos\/","og_site_name":"Lleal Tuls\u00e0 Assessors","article_publisher":"https:\/\/www.facebook.com\/LlealTulsaAssessors","twitter_misc":{"Tiempo de lectura":"5 minutos"},"schema":{"@context":"https:\/\/schema.org","@graph":[{"@type":"WebPage","@id":"https:\/\/www.llealtulsa.com\/es\/proteccion-de-datos\/","url":"https:\/\/www.llealtulsa.com\/es\/proteccion-de-datos\/","name":"Protecci\u00f3n de datos | Lleal Tuls\u00e0 Assessors","isPartOf":{"@id":"https:\/\/www.llealtulsa.com\/#website"},"datePublished":"2015-06-11T11:45:00+00:00","breadcrumb":{"@id":"https:\/\/www.llealtulsa.com\/es\/proteccion-de-datos\/#breadcrumb"},"inLanguage":"es","potentialAction":[{"@type":"ReadAction","target":["https:\/\/www.llealtulsa.com\/es\/proteccion-de-datos\/"]}]},{"@type":"BreadcrumbList","@id":"https:\/\/www.llealtulsa.com\/es\/proteccion-de-datos\/#breadcrumb","itemListElement":[{"@type":"ListItem","position":1,"name":"Inici","item":"https:\/\/www.llealtulsa.com\/"},{"@type":"ListItem","position":2,"name":"Protecci\u00f3n de datos"}]},{"@type":"WebSite","@id":"https:\/\/www.llealtulsa.com\/#website","url":"https:\/\/www.llealtulsa.com\/","name":"Lleal Tuls\u00e0 Assessors","description":"Asesoramiento integral para particulares y empresas desde 1984","publisher":{"@id":"https:\/\/www.llealtulsa.com\/#organization"},"potentialAction":[{"@type":"SearchAction","target":{"@type":"EntryPoint","urlTemplate":"https:\/\/www.llealtulsa.com\/?s={search_term_string}"},"query-input":{"@type":"PropertyValueSpecification","valueRequired":true,"valueName":"search_term_string"}}],"inLanguage":"es"},{"@type":"Organization","@id":"https:\/\/www.llealtulsa.com\/#organization","name":"Lleal Tuls\u00e0","url":"https:\/\/www.llealtulsa.com\/","logo":{"@type":"ImageObject","inLanguage":"es","@id":"https:\/\/www.llealtulsa.com\/#\/schema\/logo\/image\/","url":"https:\/\/www.llealtulsa.com\/wp-content\/uploads\/2014\/04\/logo-lleal-tulsa-500px.png","contentUrl":"https:\/\/www.llealtulsa.com\/wp-content\/uploads\/2014\/04\/logo-lleal-tulsa-500px.png","width":500,"height":150,"caption":"Lleal Tuls\u00e0"},"image":{"@id":"https:\/\/www.llealtulsa.com\/#\/schema\/logo\/image\/"},"sameAs":["https:\/\/www.facebook.com\/LlealTulsaAssessors","https:\/\/x.com\/lleal_tulsa","https:\/\/www.instagram.com\/llealtulsa\/","https:\/\/www.linkedin.com\/company\/lleal-tuls-assessors\/","https:\/\/www.youtube.com\/channel\/UCxLROGtt5RbLQakAFn6dVqw"]}]}},"_links":{"self":[{"href":"https:\/\/www.llealtulsa.com\/es\/wp-json\/wp\/v2\/pages\/1001","targetHints":{"allow":["GET"]}}],"collection":[{"href":"https:\/\/www.llealtulsa.com\/es\/wp-json\/wp\/v2\/pages"}],"about":[{"href":"https:\/\/www.llealtulsa.com\/es\/wp-json\/wp\/v2\/types\/page"}],"author":[{"embeddable":true,"href":"https:\/\/www.llealtulsa.com\/es\/wp-json\/wp\/v2\/users\/1"}],"replies":[{"embeddable":true,"href":"https:\/\/www.llealtulsa.com\/es\/wp-json\/wp\/v2\/comments?post=1001"}],"version-history":[{"count":1,"href":"https:\/\/www.llealtulsa.com\/es\/wp-json\/wp\/v2\/pages\/1001\/revisions"}],"predecessor-version":[{"id":1002,"href":"https:\/\/www.llealtulsa.com\/es\/wp-json\/wp\/v2\/pages\/1001\/revisions\/1002"}],"wp:attachment":[{"href":"https:\/\/www.llealtulsa.com\/es\/wp-json\/wp\/v2\/media?parent=1001"}],"curies":[{"name":"wp","href":"https:\/\/api.w.org\/{rel}","templated":true}]}}