{"id":15022,"date":"2022-03-25T12:34:21","date_gmt":"2022-03-25T10:34:21","guid":{"rendered":"https:\/\/www.llealtulsa.com\/contacte\/"},"modified":"2023-11-17T10:34:17","modified_gmt":"2023-11-17T08:34:17","slug":"contacto","status":"publish","type":"page","link":"https:\/\/www.llealtulsa.com\/es\/contacto\/","title":{"rendered":"Contacto"},"content":{"rendered":"\t\t<div data-elementor-type=\"wp-page\" data-elementor-id=\"15022\" class=\"elementor elementor-15022 elementor-13065\">\n\t\t\t\t\t\t<section class=\"elementor-section elementor-top-section elementor-element elementor-element-e9030ce elementor-section-full_width elementor-section-content-middle elementor-section-height-default elementor-section-height-default qodef-elementor-content-no\" data-id=\"e9030ce\" data-element_type=\"section\" data-e-type=\"section\">\n\t\t\t\t\t\t<div class=\"elementor-container elementor-column-gap-default\">\n\t\t\t\t\t<div class=\"elementor-column elementor-col-50 elementor-top-column elementor-element elementor-element-d0653b6\" data-id=\"d0653b6\" data-element_type=\"column\" data-e-type=\"column\" data-settings=\"{&quot;background_background&quot;:&quot;classic&quot;}\">\n\t\t\t<div class=\"elementor-widget-wrap elementor-element-populated\">\n\t\t\t\t\t\t<div class=\"elementor-element elementor-element-e35c3c0 elementor-widget elementor-widget-valiance_core_google_map\" data-id=\"e35c3c0\" data-element_type=\"widget\" data-e-type=\"widget\" data-widget_type=\"valiance_core_google_map.default\">\n\t\t\t\t<div class=\"elementor-widget-container\">\n\t\t\t\t\t<div class=\"qodef-shortcode qodef-m  qodef-google-map\">\n\t<div class=\"qodef-m-map\" id=\"qodef-map-id--33\" data-addresses='[\"Joan Torr\u00f3 i Cabratosa, 12, 17007, Girona\"]' data-pin=https:\/\/www.llealtulsa.com\/wp-content\/uploads\/2022\/04\/pin.png data-unique-id=33 data-height=575><\/div>\n<\/div>\n\t\t\t\t<\/div>\n\t\t\t\t<\/div>\n\t\t\t\t\t<\/div>\n\t\t<\/div>\n\t\t\t\t<div class=\"elementor-column elementor-col-50 elementor-top-column elementor-element elementor-element-3f5f436\" data-id=\"3f5f436\" data-element_type=\"column\" data-e-type=\"column\">\n\t\t\t<div class=\"elementor-widget-wrap elementor-element-populated\">\n\t\t\t\t\t\t<div class=\"elementor-element elementor-element-860f0bc elementor-widget__width-initial elementor-widget elementor-widget-valiance_core_section_title\" data-id=\"860f0bc\" data-element_type=\"widget\" data-e-type=\"widget\" data-widget_type=\"valiance_core_section_title.default\">\n\t\t\t\t<div class=\"elementor-widget-container\">\n\t\t\t\t\t<div class=\"qodef-shortcode qodef-m  qodef-section-title qodef-alignment--left  \">\n\t\t<p class=\"qodef-m-subtitle\" style=\"color: #B23933;margin-bottom: 10px\">LLEAL TULS\u00c0 ASSESSORS<\/p>\n\t\t<h3 class=\"qodef-m-title\" >\n\t\t\t\t\tInformaci\u00f3n de contacto:\t\t\t<\/h3>\n\t\t<p class=\"qodef-m-text\" style=\"margin-top: 20px\">Asesoramiento integral para particulares y empresas, facilitamos procesos, resolviendo dolores de cabeza y evitando sorpresas.<\/p>\n<\/div>\n\t\t\t\t<\/div>\n\t\t\t\t<\/div>\n\t\t\t\t<div class=\"elementor-element elementor-element-dcb0044 elementor-widget elementor-widget-text-editor\" data-id=\"dcb0044\" data-element_type=\"widget\" data-e-type=\"widget\" data-widget_type=\"text-editor.default\">\n\t\t\t\t<div class=\"elementor-widget-container\">\n\t\t\t\t\t\t\t\t\t<p>Direcci\u00f3n: <a href=\"https:\/\/www.google.com\/maps\/place\/Carrer+Joan+Torr%C3%B3+i+Cabratosa,+12,+17005+Girona\/@41.9606103,2.8033089,17z\/data=!3m1!4b1!4m6!3m5!1s0x12bae0cdbf67d051:0xc713f4c6cc8a9a7c!8m2!3d41.9606063!4d2.8058892!16s%2Fg%2F11c2h6pcmq?entry=ttu\" target=\"_blank\" rel=\"noopener\">Joan Torr\u00f3 i Cabratosa, 12, 17005, Girona<\/a><\/p>\t\t\t\t\t\t\t\t<\/div>\n\t\t\t\t<\/div>\n\t\t\t\t<div class=\"elementor-element elementor-element-6856c33 elementor-widget elementor-widget-text-editor\" data-id=\"6856c33\" data-element_type=\"widget\" data-e-type=\"widget\" data-widget_type=\"text-editor.default\">\n\t\t\t\t<div class=\"elementor-widget-container\">\n\t\t\t\t\t\t\t\t\t<p>Tel\u00e9fono: <a class=\"qodef-text-hover-dark\" href=\"tel:+34972206350\">972 206 350<\/a><\/p>\t\t\t\t\t\t\t\t<\/div>\n\t\t\t\t<\/div>\n\t\t\t\t<div class=\"elementor-element elementor-element-a0a9594 elementor-widget elementor-widget-text-editor\" data-id=\"a0a9594\" data-element_type=\"widget\" data-e-type=\"widget\" data-widget_type=\"text-editor.default\">\n\t\t\t\t<div class=\"elementor-widget-container\">\n\t\t\t\t\t\t\t\t\tFax: <span class=\"qodef-text-hover-dark\">972 208 204<\/span>\t\t\t\t\t\t\t\t<\/div>\n\t\t\t\t<\/div>\n\t\t\t\t<div class=\"elementor-element elementor-element-0dea0e2 elementor-widget elementor-widget-text-editor\" data-id=\"0dea0e2\" data-element_type=\"widget\" data-e-type=\"widget\" data-widget_type=\"text-editor.default\">\n\t\t\t\t<div class=\"elementor-widget-container\">\n\t\t\t\t\t\t\t\t\tEmail: <a class=\"qodef-text-hover-dark\" href=\"mailto:info@llealtulsa.com\">info@llealtulsa.com<\/a>\t\t\t\t\t\t\t\t<\/div>\n\t\t\t\t<\/div>\n\t\t\t\t<div class=\"elementor-element elementor-element-649a696 elementor-widget elementor-widget-text-editor\" data-id=\"649a696\" data-element_type=\"widget\" data-e-type=\"widget\" data-widget_type=\"text-editor.default\">\n\t\t\t\t<div class=\"elementor-widget-container\">\n\t\t\t\t\t\t\t\t\t<p>Horario: <span class=\"qodef-text-hover-dark\">Abierto de lunes a viernes de 8:00 a 17:30 horas.<\/span><\/p>\t\t\t\t\t\t\t\t<\/div>\n\t\t\t\t<\/div>\n\t\t\t\t<div class=\"elementor-element elementor-element-b157156 elementor-shape-square e-grid-align-left elementor-grid-0 elementor-widget elementor-widget-social-icons\" data-id=\"b157156\" data-element_type=\"widget\" data-e-type=\"widget\" data-widget_type=\"social-icons.default\">\n\t\t\t\t<div class=\"elementor-widget-container\">\n\t\t\t\t\t\t\t<div class=\"elementor-social-icons-wrapper elementor-grid\" role=\"list\">\n\t\t\t\t\t\t\t<span class=\"elementor-grid-item\" role=\"listitem\">\n\t\t\t\t\t<a class=\"elementor-icon elementor-social-icon elementor-social-icon-facebook elementor-repeater-item-047df78\" href=\"https:\/\/www.facebook.com\/pages\/Lleal-Tuls%C3%A0-Assessors\/1574103822814548\" target=\"_blank\">\n\t\t\t\t\t\t<span class=\"elementor-screen-only\">Facebook<\/span>\n\t\t\t\t\t\t<i aria-hidden=\"true\" class=\"fab fa-facebook\"><\/i>\t\t\t\t\t<\/a>\n\t\t\t\t<\/span>\n\t\t\t\t\t\t\t<span class=\"elementor-grid-item\" role=\"listitem\">\n\t\t\t\t\t<a class=\"elementor-icon elementor-social-icon elementor-social-icon-twitter elementor-repeater-item-ce2bd2f\" href=\"https:\/\/twitter.com\/lleal_tulsa\" target=\"_blank\">\n\t\t\t\t\t\t<span class=\"elementor-screen-only\">Twitter<\/span>\n\t\t\t\t\t\t<i aria-hidden=\"true\" class=\"fab fa-twitter\"><\/i>\t\t\t\t\t<\/a>\n\t\t\t\t<\/span>\n\t\t\t\t\t\t\t<span class=\"elementor-grid-item\" role=\"listitem\">\n\t\t\t\t\t<a class=\"elementor-icon elementor-social-icon elementor-social-icon-instagram elementor-repeater-item-ba01c2e\" href=\"https:\/\/www.instagram.com\/llealtulsa\/\" target=\"_blank\">\n\t\t\t\t\t\t<span class=\"elementor-screen-only\">Instagram<\/span>\n\t\t\t\t\t\t<i aria-hidden=\"true\" class=\"fab fa-instagram\"><\/i>\t\t\t\t\t<\/a>\n\t\t\t\t<\/span>\n\t\t\t\t\t\t\t<span class=\"elementor-grid-item\" role=\"listitem\">\n\t\t\t\t\t<a class=\"elementor-icon elementor-social-icon elementor-social-icon-linkedin elementor-repeater-item-8ee900e\" href=\"https:\/\/www.linkedin.com\/company\/lleal-tuls-assessors\/\" target=\"_blank\">\n\t\t\t\t\t\t<span class=\"elementor-screen-only\">Linkedin<\/span>\n\t\t\t\t\t\t<i aria-hidden=\"true\" class=\"fab fa-linkedin\"><\/i>\t\t\t\t\t<\/a>\n\t\t\t\t<\/span>\n\t\t\t\t\t\t\t<span class=\"elementor-grid-item\" role=\"listitem\">\n\t\t\t\t\t<a class=\"elementor-icon elementor-social-icon elementor-social-icon-youtube elementor-repeater-item-5e10f19\" href=\"https:\/\/www.youtube.com\/channel\/UCxLROGtt5RbLQakAFn6dVqw\" target=\"_blank\">\n\t\t\t\t\t\t<span class=\"elementor-screen-only\">Youtube<\/span>\n\t\t\t\t\t\t<i aria-hidden=\"true\" class=\"fab fa-youtube\"><\/i>\t\t\t\t\t<\/a>\n\t\t\t\t<\/span>\n\t\t\t\t\t<\/div>\n\t\t\t\t\t\t<\/div>\n\t\t\t\t<\/div>\n\t\t\t\t\t<\/div>\n\t\t<\/div>\n\t\t\t\t\t<\/div>\n\t\t<\/section>\n\t\t\t\t<section class=\"elementor-section elementor-top-section elementor-element elementor-element-2c2d86f elementor-section-full_width elementor-section-height-default elementor-section-height-default qodef-elementor-content-no\" data-id=\"2c2d86f\" data-element_type=\"section\" data-e-type=\"section\">\n\t\t\t\t\t\t<div class=\"elementor-container elementor-column-gap-default\">\n\t\t\t\t\t<div class=\"elementor-column elementor-col-50 elementor-top-column elementor-element elementor-element-cd1edbf\" data-id=\"cd1edbf\" data-element_type=\"column\" data-e-type=\"column\" data-settings=\"{&quot;background_background&quot;:&quot;classic&quot;}\">\n\t\t\t<div class=\"elementor-widget-wrap elementor-element-populated\">\n\t\t\t\t\t\t<div class=\"elementor-element elementor-element-7bfbd86 elementor-widget elementor-widget-valiance_core_section_title\" data-id=\"7bfbd86\" data-element_type=\"widget\" data-e-type=\"widget\" data-widget_type=\"valiance_core_section_title.default\">\n\t\t\t\t<div class=\"elementor-widget-container\">\n\t\t\t\t\t<div class=\"qodef-shortcode qodef-m  qodef-section-title qodef-alignment--left  \">\n\t\t<p class=\"qodef-m-subtitle\" style=\"color: #B23933\">Formulario de contacto<\/p>\n\t\t<h3 class=\"qodef-m-title\" style=\"color: #020101\">\n\t\t\t\t\tContacta con nosotros:\t\t\t<\/h3>\n\t<\/div>\n\t\t\t\t<\/div>\n\t\t\t\t<\/div>\n\t\t\t\t<div class=\"elementor-element elementor-element-4662998 elementor-widget elementor-widget-wpforms\" data-id=\"4662998\" data-element_type=\"widget\" data-e-type=\"widget\" data-widget_type=\"wpforms.default\">\n\t\t\t\t<div class=\"elementor-widget-container\">\n\t\t\t\t\t<div class=\"wpforms-container wpforms-container-full wpforms-render-modern\" id=\"wpforms-16484\"><form id=\"wpforms-form-16484\" class=\"wpforms-validate wpforms-form wpforms-ajax-form\" data-formid=\"16484\" method=\"post\" enctype=\"multipart\/form-data\" action=\"\/es\/wp-json\/wp\/v2\/pages\/15022\" data-token=\"17973165a55d427279449b418a7d9ac7\" data-token-time=\"1777650965\"><noscript class=\"wpforms-error-noscript\">Por favor, activa JavaScript en tu navegador para completar este formulario.<\/noscript><div id=\"wpforms-error-noscript\" style=\"display: none;\">Por favor, activa JavaScript en tu navegador para completar este formulario.<\/div><div class=\"wpforms-field-container\"><div id=\"wpforms-16484-field_0-container\" class=\"wpforms-field wpforms-field-name wpforms-one-half wpforms-first\" data-field-id=\"0\"><label class=\"wpforms-field-label\" for=\"wpforms-16484-field_0\">Nombre y apellidos <span class=\"wpforms-required-label\" aria-hidden=\"true\">*<\/span><\/label><input type=\"text\" id=\"wpforms-16484-field_0\" class=\"wpforms-field-large wpforms-field-required\" name=\"wpforms[fields][0]\" aria-errormessage=\"wpforms-16484-field_0-error\" required><\/div><div id=\"wpforms-16484-field_1-container\" class=\"wpforms-field wpforms-field-email wpforms-one-half\" data-field-id=\"1\"><label class=\"wpforms-field-label\" for=\"wpforms-16484-field_1\">Email <span class=\"wpforms-required-label\" aria-hidden=\"true\">*<\/span><\/label><input type=\"email\" id=\"wpforms-16484-field_1\" class=\"wpforms-field-large wpforms-field-required\" name=\"wpforms[fields][1]\" spellcheck=\"false\" aria-errormessage=\"wpforms-16484-field_1-error\" required><\/div><div id=\"wpforms-16484-field_3-container\" class=\"wpforms-field wpforms-field-text wpforms-one-half wpforms-first\" data-field-id=\"3\"><label class=\"wpforms-field-label\" for=\"wpforms-16484-field_3\">Tel\u00e9fono<\/label><input type=\"text\" id=\"wpforms-16484-field_3\" class=\"wpforms-field-large\" name=\"wpforms[fields][3]\" aria-errormessage=\"wpforms-16484-field_3-error\" ><\/div><div id=\"wpforms-16484-field_9-container\" class=\"wpforms-field wpforms-field-text wpforms-one-half\" data-field-id=\"9\"><label class=\"wpforms-field-label\" for=\"wpforms-16484-field_9\">Asunto <span class=\"wpforms-required-label\" aria-hidden=\"true\">*<\/span><\/label><input type=\"text\" id=\"wpforms-16484-field_9\" class=\"wpforms-field-large wpforms-field-required\" name=\"wpforms[fields][9]\" aria-errormessage=\"wpforms-16484-field_9-error\" required><\/div><div id=\"wpforms-16484-field_2-container\" class=\"wpforms-field wpforms-field-textarea\" data-field-id=\"2\"><label class=\"wpforms-field-label\" for=\"wpforms-16484-field_2\">Comentario o mensaje <span class=\"wpforms-required-label\" aria-hidden=\"true\">*<\/span><\/label><textarea id=\"wpforms-16484-field_2\" class=\"wpforms-field-medium wpforms-field-required\" name=\"wpforms[fields][2]\" aria-errormessage=\"wpforms-16484-field_2-error\" required><\/textarea><\/div><div id=\"wpforms-16484-field_7-container\" class=\"wpforms-field wpforms-field-checkbox\" data-field-id=\"7\"><fieldset><legend class=\"wpforms-field-label\"> <span class=\"wpforms-required-label\" aria-hidden=\"true\">*<\/span><\/legend><ul id=\"wpforms-16484-field_7\" class=\"wpforms-field-required\"><li class=\"choice-1 depth-1\"><input type=\"checkbox\" id=\"wpforms-16484-field_7_1\" name=\"wpforms[fields][7][]\" value=\"He le\u00eddo y acepto la &lt;a target=&quot;_blank&quot; href=&quot;https:\/\/www.llealtulsa.com\/politica-de-privacitat\/&quot;&gt;Pol\u00edtica de Privacitat&lt;\/a&gt;\" aria-errormessage=\"wpforms-16484-field_7_1-error\" required ><label class=\"wpforms-field-label-inline\" for=\"wpforms-16484-field_7_1\">He le\u00eddo y acepto la <a target=\"_blank\" href=\"https:\/\/www.llealtulsa.com\/politica-de-privacitat\/\">Pol\u00edtica de Privacitat<\/a><\/label><\/li><\/ul><\/fieldset><\/div><div id=\"wpforms-16484-field_8-container\" class=\"wpforms-field wpforms-field-checkbox\" data-field-id=\"8\"><fieldset><legend class=\"wpforms-field-label\"><\/legend><ul id=\"wpforms-16484-field_8\"><li class=\"choice-1 depth-1\"><input type=\"checkbox\" id=\"wpforms-16484-field_8_1\" name=\"wpforms[fields][8][]\" value=\"Doy mi consentimiento expreso para recibir Newsletters de Lleal Tuls\u00e0, por correo electr\u00f3nico y otros medios electr\u00f3nicos o postales, tal como establece la Ley LSSI\/CE 4\/2002.\" aria-errormessage=\"wpforms-16484-field_8_1-error\"  ><label class=\"wpforms-field-label-inline\" for=\"wpforms-16484-field_8_1\">Doy mi consentimiento expreso para recibir Newsletters de Lleal Tuls\u00e0, por correo electr\u00f3nico y otros medios electr\u00f3nicos o postales, tal como establece la Ley LSSI\/CE 4\/2002.<\/label><\/li><\/ul><\/fieldset><\/div><\/div><!-- .wpforms-field-container --><div class=\"wpforms-submit-container\" ><input type=\"hidden\" name=\"wpforms[id]\" value=\"16484\"><input type=\"hidden\" name=\"page_title\" value=\"\"><input type=\"hidden\" name=\"page_url\" value=\"https:\/\/www.llealtulsa.com\/es\/wp-json\/wp\/v2\/pages\/15022\"><input type=\"hidden\" name=\"url_referer\" value=\"\"><button type=\"submit\" name=\"wpforms[submit]\" id=\"wpforms-submit-16484\" class=\"wpforms-submit\" data-alt-text=\"S&#039;est\u00e0 enviant...\" data-submit-text=\"Envia\" aria-live=\"assertive\" value=\"wpforms-submit\">Envia<\/button><img loading=\"lazy\" decoding=\"async\" src=\"https:\/\/www.llealtulsa.com\/wp-content\/plugins\/wpforms-lite\/assets\/images\/submit-spin.svg\" class=\"wpforms-submit-spinner\" style=\"display: none;\" width=\"26\" height=\"26\" alt=\"Cargando\"><\/div><\/form><\/div>  <!-- .wpforms-container -->\t\t\t\t<\/div>\n\t\t\t\t<\/div>\n\t\t\t\t\t<\/div>\n\t\t<\/div>\n\t\t\t\t<div class=\"elementor-column elementor-col-50 elementor-top-column elementor-element elementor-element-b496a4f\" data-id=\"b496a4f\" data-element_type=\"column\" data-e-type=\"column\" data-settings=\"{&quot;background_background&quot;:&quot;classic&quot;}\">\n\t\t\t<div class=\"elementor-widget-wrap elementor-element-populated\">\n\t\t\t\t\t\t<div class=\"elementor-element elementor-element-85e7563 elementor-widget elementor-widget-spacer\" data-id=\"85e7563\" data-element_type=\"widget\" data-e-type=\"widget\" data-widget_type=\"spacer.default\">\n\t\t\t\t<div class=\"elementor-widget-container\">\n\t\t\t\t\t\t\t<div class=\"elementor-spacer\">\n\t\t\t<div class=\"elementor-spacer-inner\"><\/div>\n\t\t<\/div>\n\t\t\t\t\t\t<\/div>\n\t\t\t\t<\/div>\n\t\t\t\t\t<\/div>\n\t\t<\/div>\n\t\t\t\t\t<\/div>\n\t\t<\/section>\n\t\t\t\t<\/div>\n\t\t","protected":false},"excerpt":{"rendered":"<p>LLEAL TULS\u00c0 ASSESSORS Informaci\u00f3n de contacto: Asesoramiento integral para particulares y empresas, facilitamos procesos, resolviendo dolores de cabeza y evitando sorpresas. Direcci\u00f3n: Joan Torr\u00f3 i Cabratosa, 12, 17005, Girona Tel\u00e9fono: 972 206 350 Fax: 972 208 204Email: info@llealtulsa.com Horario: Abierto de lunes a viernes de 8:00 a 17:30 horas. Facebook Twitter Instagram Linkedin Youtube Formulario [&hellip;]<\/p>\n","protected":false},"author":1,"featured_media":0,"parent":0,"menu_order":0,"comment_status":"closed","ping_status":"closed","template":"page-full-width.php","meta":{"inline_featured_image":false,"footnotes":""},"class_list":["post-15022","page","type-page","status-publish","hentry"],"yoast_head":"<!-- This site is optimized with the Yoast SEO plugin v27.4 - https:\/\/yoast.com\/product\/yoast-seo-wordpress\/ -->\n<title>Contacto | Lleal Tuls\u00e0 Assessors | Asesoramiento integral<\/title>\n<meta name=\"description\" content=\"Informaci\u00f3n de contacto: nos encontrar\u00e1 en Ronda Ferran Puig, 9, 17001 Girona - T: 972 206 350 - E: info@llealtulsa.com\" \/>\n<meta name=\"robots\" content=\"index, follow, max-snippet:-1, max-image-preview:large, max-video-preview:-1\" \/>\n<link rel=\"canonical\" href=\"https:\/\/www.llealtulsa.com\/contacte\/\" \/>\n<meta property=\"og:locale\" content=\"es_ES\" \/>\n<meta property=\"og:type\" content=\"article\" \/>\n<meta property=\"og:title\" content=\"Contacto | Lleal Tuls\u00e0 Assessors | Asesoramiento integral\" \/>\n<meta property=\"og:description\" content=\"Informaci\u00f3n de contacto: nos encontrar\u00e1 en Ronda Ferran Puig, 9, 17001 Girona - T: 972 206 350 - E: info@llealtulsa.com\" \/>\n<meta property=\"og:url\" content=\"https:\/\/www.llealtulsa.com\/contacte\/\" \/>\n<meta property=\"og:site_name\" content=\"Lleal Tuls\u00e0 Assessors\" \/>\n<meta property=\"article:publisher\" content=\"https:\/\/www.facebook.com\/LlealTulsaAssessors\" \/>\n<meta property=\"article:modified_time\" content=\"2023-11-17T08:34:17+00:00\" \/>\n<meta name=\"twitter:label1\" content=\"Tiempo de lectura\" \/>\n\t<meta name=\"twitter:data1\" content=\"8 minutos\" \/>\n<script type=\"application\/ld+json\" class=\"yoast-schema-graph\">{\"@context\":\"https:\\\/\\\/schema.org\",\"@graph\":[{\"@type\":\"WebPage\",\"@id\":\"https:\\\/\\\/www.llealtulsa.com\\\/contacte\\\/\",\"url\":\"https:\\\/\\\/www.llealtulsa.com\\\/contacte\\\/\",\"name\":\"Contacto | Lleal Tuls\u00e0 Assessors | Asesoramiento integral\",\"isPartOf\":{\"@id\":\"https:\\\/\\\/www.llealtulsa.com\\\/#website\"},\"datePublished\":\"2022-03-25T10:34:21+00:00\",\"dateModified\":\"2023-11-17T08:34:17+00:00\",\"description\":\"Informaci\u00f3n de contacto: nos encontrar\u00e1 en Ronda Ferran Puig, 9, 17001 Girona - T: 972 206 350 - E: info@llealtulsa.com\",\"breadcrumb\":{\"@id\":\"https:\\\/\\\/www.llealtulsa.com\\\/contacte\\\/#breadcrumb\"},\"inLanguage\":\"es\",\"potentialAction\":[{\"@type\":\"ReadAction\",\"target\":[\"https:\\\/\\\/www.llealtulsa.com\\\/contacte\\\/\"]}]},{\"@type\":\"BreadcrumbList\",\"@id\":\"https:\\\/\\\/www.llealtulsa.com\\\/contacte\\\/#breadcrumb\",\"itemListElement\":[{\"@type\":\"ListItem\",\"position\":1,\"name\":\"Inici\",\"item\":\"https:\\\/\\\/www.llealtulsa.com\\\/\"},{\"@type\":\"ListItem\",\"position\":2,\"name\":\"Contacto\"}]},{\"@type\":\"WebSite\",\"@id\":\"https:\\\/\\\/www.llealtulsa.com\\\/#website\",\"url\":\"https:\\\/\\\/www.llealtulsa.com\\\/\",\"name\":\"Lleal Tuls\u00e0 Assessors\",\"description\":\"Asesoramiento integral para particulares y empresas desde 1984\",\"publisher\":{\"@id\":\"https:\\\/\\\/www.llealtulsa.com\\\/#organization\"},\"potentialAction\":[{\"@type\":\"SearchAction\",\"target\":{\"@type\":\"EntryPoint\",\"urlTemplate\":\"https:\\\/\\\/www.llealtulsa.com\\\/?s={search_term_string}\"},\"query-input\":{\"@type\":\"PropertyValueSpecification\",\"valueRequired\":true,\"valueName\":\"search_term_string\"}}],\"inLanguage\":\"es\"},{\"@type\":\"Organization\",\"@id\":\"https:\\\/\\\/www.llealtulsa.com\\\/#organization\",\"name\":\"Lleal Tuls\u00e0\",\"url\":\"https:\\\/\\\/www.llealtulsa.com\\\/\",\"logo\":{\"@type\":\"ImageObject\",\"inLanguage\":\"es\",\"@id\":\"https:\\\/\\\/www.llealtulsa.com\\\/#\\\/schema\\\/logo\\\/image\\\/\",\"url\":\"https:\\\/\\\/www.llealtulsa.com\\\/wp-content\\\/uploads\\\/2014\\\/04\\\/logo-lleal-tulsa-500px.png\",\"contentUrl\":\"https:\\\/\\\/www.llealtulsa.com\\\/wp-content\\\/uploads\\\/2014\\\/04\\\/logo-lleal-tulsa-500px.png\",\"width\":500,\"height\":150,\"caption\":\"Lleal Tuls\u00e0\"},\"image\":{\"@id\":\"https:\\\/\\\/www.llealtulsa.com\\\/#\\\/schema\\\/logo\\\/image\\\/\"},\"sameAs\":[\"https:\\\/\\\/www.facebook.com\\\/LlealTulsaAssessors\",\"https:\\\/\\\/x.com\\\/lleal_tulsa\",\"https:\\\/\\\/www.instagram.com\\\/llealtulsa\\\/\",\"https:\\\/\\\/www.linkedin.com\\\/company\\\/lleal-tuls-assessors\\\/\",\"https:\\\/\\\/www.youtube.com\\\/channel\\\/UCxLROGtt5RbLQakAFn6dVqw\"]}]}<\/script>\n<!-- \/ Yoast SEO plugin. -->","yoast_head_json":{"title":"Contacto | Lleal Tuls\u00e0 Assessors | Asesoramiento integral","description":"Informaci\u00f3n de contacto: nos encontrar\u00e1 en Ronda Ferran Puig, 9, 17001 Girona - T: 972 206 350 - E: info@llealtulsa.com","robots":{"index":"index","follow":"follow","max-snippet":"max-snippet:-1","max-image-preview":"max-image-preview:large","max-video-preview":"max-video-preview:-1"},"canonical":"https:\/\/www.llealtulsa.com\/contacte\/","og_locale":"es_ES","og_type":"article","og_title":"Contacto | Lleal Tuls\u00e0 Assessors | Asesoramiento integral","og_description":"Informaci\u00f3n de contacto: nos encontrar\u00e1 en Ronda Ferran Puig, 9, 17001 Girona - T: 972 206 350 - E: info@llealtulsa.com","og_url":"https:\/\/www.llealtulsa.com\/contacte\/","og_site_name":"Lleal Tuls\u00e0 Assessors","article_publisher":"https:\/\/www.facebook.com\/LlealTulsaAssessors","article_modified_time":"2023-11-17T08:34:17+00:00","twitter_misc":{"Tiempo de lectura":"8 minutos"},"schema":{"@context":"https:\/\/schema.org","@graph":[{"@type":"WebPage","@id":"https:\/\/www.llealtulsa.com\/contacte\/","url":"https:\/\/www.llealtulsa.com\/contacte\/","name":"Contacto | Lleal Tuls\u00e0 Assessors | Asesoramiento integral","isPartOf":{"@id":"https:\/\/www.llealtulsa.com\/#website"},"datePublished":"2022-03-25T10:34:21+00:00","dateModified":"2023-11-17T08:34:17+00:00","description":"Informaci\u00f3n de contacto: nos encontrar\u00e1 en Ronda Ferran Puig, 9, 17001 Girona - T: 972 206 350 - E: info@llealtulsa.com","breadcrumb":{"@id":"https:\/\/www.llealtulsa.com\/contacte\/#breadcrumb"},"inLanguage":"es","potentialAction":[{"@type":"ReadAction","target":["https:\/\/www.llealtulsa.com\/contacte\/"]}]},{"@type":"BreadcrumbList","@id":"https:\/\/www.llealtulsa.com\/contacte\/#breadcrumb","itemListElement":[{"@type":"ListItem","position":1,"name":"Inici","item":"https:\/\/www.llealtulsa.com\/"},{"@type":"ListItem","position":2,"name":"Contacto"}]},{"@type":"WebSite","@id":"https:\/\/www.llealtulsa.com\/#website","url":"https:\/\/www.llealtulsa.com\/","name":"Lleal Tuls\u00e0 Assessors","description":"Asesoramiento integral para particulares y empresas desde 1984","publisher":{"@id":"https:\/\/www.llealtulsa.com\/#organization"},"potentialAction":[{"@type":"SearchAction","target":{"@type":"EntryPoint","urlTemplate":"https:\/\/www.llealtulsa.com\/?s={search_term_string}"},"query-input":{"@type":"PropertyValueSpecification","valueRequired":true,"valueName":"search_term_string"}}],"inLanguage":"es"},{"@type":"Organization","@id":"https:\/\/www.llealtulsa.com\/#organization","name":"Lleal Tuls\u00e0","url":"https:\/\/www.llealtulsa.com\/","logo":{"@type":"ImageObject","inLanguage":"es","@id":"https:\/\/www.llealtulsa.com\/#\/schema\/logo\/image\/","url":"https:\/\/www.llealtulsa.com\/wp-content\/uploads\/2014\/04\/logo-lleal-tulsa-500px.png","contentUrl":"https:\/\/www.llealtulsa.com\/wp-content\/uploads\/2014\/04\/logo-lleal-tulsa-500px.png","width":500,"height":150,"caption":"Lleal Tuls\u00e0"},"image":{"@id":"https:\/\/www.llealtulsa.com\/#\/schema\/logo\/image\/"},"sameAs":["https:\/\/www.facebook.com\/LlealTulsaAssessors","https:\/\/x.com\/lleal_tulsa","https:\/\/www.instagram.com\/llealtulsa\/","https:\/\/www.linkedin.com\/company\/lleal-tuls-assessors\/","https:\/\/www.youtube.com\/channel\/UCxLROGtt5RbLQakAFn6dVqw"]}]}},"_links":{"self":[{"href":"https:\/\/www.llealtulsa.com\/es\/wp-json\/wp\/v2\/pages\/15022","targetHints":{"allow":["GET"]}}],"collection":[{"href":"https:\/\/www.llealtulsa.com\/es\/wp-json\/wp\/v2\/pages"}],"about":[{"href":"https:\/\/www.llealtulsa.com\/es\/wp-json\/wp\/v2\/types\/page"}],"author":[{"embeddable":true,"href":"https:\/\/www.llealtulsa.com\/es\/wp-json\/wp\/v2\/users\/1"}],"replies":[{"embeddable":true,"href":"https:\/\/www.llealtulsa.com\/es\/wp-json\/wp\/v2\/comments?post=15022"}],"version-history":[{"count":5,"href":"https:\/\/www.llealtulsa.com\/es\/wp-json\/wp\/v2\/pages\/15022\/revisions"}],"predecessor-version":[{"id":17123,"href":"https:\/\/www.llealtulsa.com\/es\/wp-json\/wp\/v2\/pages\/15022\/revisions\/17123"}],"wp:attachment":[{"href":"https:\/\/www.llealtulsa.com\/es\/wp-json\/wp\/v2\/media?parent=15022"}],"curies":[{"name":"wp","href":"https:\/\/api.w.org\/{rel}","templated":true}]}}