{"id":15062,"date":"2022-03-29T12:59:46","date_gmt":"2022-03-29T10:59:46","guid":{"rendered":"https:\/\/www.llealtulsa.com\/servicios\/assessoria-fiscal\/"},"modified":"2023-11-17T10:23:55","modified_gmt":"2023-11-17T08:23:55","slug":"asesoria-fiscal","status":"publish","type":"page","link":"https:\/\/www.llealtulsa.com\/es\/servicios\/asesoria-fiscal\/","title":{"rendered":"Asesor\u00eda fiscal"},"content":{"rendered":"\t\t<div data-elementor-type=\"wp-page\" data-elementor-id=\"15062\" class=\"elementor elementor-15062 elementor-13803\">\n\t\t\t\t\t\t<section class=\"elementor-section elementor-top-section elementor-element elementor-element-5af965c elementor-section-boxed elementor-section-height-default elementor-section-height-default qodef-elementor-content-no\" data-id=\"5af965c\" data-element_type=\"section\" data-e-type=\"section\">\n\t\t\t\t\t\t<div class=\"elementor-container elementor-column-gap-default\">\n\t\t\t\t\t<div class=\"elementor-column elementor-col-100 elementor-top-column elementor-element elementor-element-8d11603\" data-id=\"8d11603\" data-element_type=\"column\" data-e-type=\"column\">\n\t\t\t<div class=\"elementor-widget-wrap elementor-element-populated\">\n\t\t\t\t\t\t<div class=\"elementor-element elementor-element-c66c4a9 elementor-widget elementor-widget-valiance_core_section_title\" data-id=\"c66c4a9\" data-element_type=\"widget\" data-e-type=\"widget\" data-widget_type=\"valiance_core_section_title.default\">\n\t\t\t\t<div class=\"elementor-widget-container\">\n\t\t\t\t\t<div class=\"qodef-shortcode qodef-m  qodef-section-title qodef-alignment--left  \">\n\t\t<p class=\"qodef-m-subtitle\" style=\"color: #B23933;margin-bottom: 9px\">ASESOR\u00cdA INTEGRAL CON  EXPERI\u00c8NCIA CONTRASTADA<\/p>\n\t\t<h2 class=\"qodef-m-title\" >\n\t\t\t\t\tAsesor\u00eda fiscal\t\t\t<\/h2>\n\t\t<p class=\"qodef-m-text\" style=\"margin-top: 15px;font-size: 16px;line-height: 25px\">Una asesor\u00eda fiscal ofrece un servicio profesional a todas aquellas personas, aut\u00f3nomos o empresas que necesitan gestionar el cumplimiento de sus obligaciones tributarias con la administraci\u00f3n p\u00fablica.<\/p>\n<\/div>\n\t\t\t\t<\/div>\n\t\t\t\t<\/div>\n\t\t\t\t\t<\/div>\n\t\t<\/div>\n\t\t\t\t\t<\/div>\n\t\t<\/section>\n\t\t\t\t<section class=\"elementor-section elementor-top-section elementor-element elementor-element-17c6ee8 elementor-section-boxed elementor-section-height-default elementor-section-height-default qodef-elementor-content-no\" data-id=\"17c6ee8\" data-element_type=\"section\" data-e-type=\"section\">\n\t\t\t\t\t\t<div class=\"elementor-container elementor-column-gap-default\">\n\t\t\t\t\t<div class=\"elementor-column elementor-col-50 elementor-top-column elementor-element elementor-element-90b3f31\" data-id=\"90b3f31\" data-element_type=\"column\" data-e-type=\"column\">\n\t\t\t<div class=\"elementor-widget-wrap elementor-element-populated\">\n\t\t\t\t\t\t<div class=\"elementor-element elementor-element-ffe8e33 elementor-widget elementor-widget-text-editor\" data-id=\"ffe8e33\" data-element_type=\"widget\" data-e-type=\"widget\" data-widget_type=\"text-editor.default\">\n\t\t\t\t<div class=\"elementor-widget-container\">\n\t\t\t\t\t\t\t\t\tOfrecemos un asesoramiento permanente adaptado al constante cambio de normativa para ayudar, tanto a personas f\u00edsicas como a empresas, a cumplir con las obligaciones fiscales y a conocer los beneficios que la legislaci\u00f3n ofrece en cada caso. Podemos clasificar este procedimiento en tres tipos:\t\t\t\t\t\t\t\t<\/div>\n\t\t\t\t<\/div>\n\t\t\t\t\t<\/div>\n\t\t<\/div>\n\t\t\t\t<div class=\"elementor-column elementor-col-50 elementor-top-column elementor-element elementor-element-7bf0bdf\" data-id=\"7bf0bdf\" data-element_type=\"column\" data-e-type=\"column\">\n\t\t\t<div class=\"elementor-widget-wrap elementor-element-populated\">\n\t\t\t\t\t\t<div class=\"elementor-element elementor-element-a9f114d elementor-widget elementor-widget-text-editor\" data-id=\"a9f114d\" data-element_type=\"widget\" data-e-type=\"widget\" data-widget_type=\"text-editor.default\">\n\t\t\t\t<div class=\"elementor-widget-container\">\n\t\t\t\t\t\t\t\t\t<ul><li>Clasificaci\u00f3n y altas del Impuesto de Actividades Econ\u00f3micas (IAE).<\/li><li>Declaraciones censales tributarias (altas, bajas, variaciones, etc.).<\/li><li>Obtenci\u00f3n C\u00f3digo Identificaci\u00f3n Fiscal (CIF).<\/li><\/ul>\t\t\t\t\t\t\t\t<\/div>\n\t\t\t\t<\/div>\n\t\t\t\t\t<\/div>\n\t\t<\/div>\n\t\t\t\t\t<\/div>\n\t\t<\/section>\n\t\t\t\t<section class=\"elementor-section elementor-top-section elementor-element elementor-element-d1e8ffb elementor-section-boxed elementor-section-height-default elementor-section-height-default qodef-elementor-content-no\" data-id=\"d1e8ffb\" data-element_type=\"section\" data-e-type=\"section\">\n\t\t\t\t\t\t<div class=\"elementor-container elementor-column-gap-default\">\n\t\t\t\t\t<div class=\"elementor-column elementor-col-100 elementor-top-column elementor-element elementor-element-c00b9de\" data-id=\"c00b9de\" data-element_type=\"column\" data-e-type=\"column\">\n\t\t\t<div class=\"elementor-widget-wrap elementor-element-populated\">\n\t\t\t\t\t\t<div class=\"elementor-element elementor-element-517229d elementor-widget elementor-widget-accordion\" data-id=\"517229d\" data-element_type=\"widget\" data-e-type=\"widget\" data-widget_type=\"accordion.default\">\n\t\t\t\t<div class=\"elementor-widget-container\">\n\t\t\t\t\t\t\t<div class=\"elementor-accordion\">\n\t\t\t\t\t\t\t<div class=\"elementor-accordion-item\">\n\t\t\t\t\t<h2 id=\"elementor-tab-title-8541\" class=\"elementor-tab-title\" data-tab=\"1\" role=\"button\" aria-controls=\"elementor-tab-content-8541\" aria-expanded=\"false\">\n\t\t\t\t\t\t\t\t\t\t\t\t\t<span class=\"elementor-accordion-icon elementor-accordion-icon-left\" aria-hidden=\"true\">\n\t\t\t\t\t\t\t\t\t\t\t\t\t\t\t<span class=\"elementor-accordion-icon-closed\"><svg xmlns=\"http:\/\/www.w3.org\/2000\/svg\" xmlns:xlink=\"http:\/\/www.w3.org\/1999\/xlink\" id=\"Layer_1\" x=\"0px\" y=\"0px\" viewBox=\"0 0 200 200\" style=\"enable-background:new 0 0 200 200;\" xml:space=\"preserve\"><style type=\"text\/css\">\t.st0{fill:#08090A;}<\/style><g>\t<g>\t\t<path class=\"st0\" d=\"M193.9,169C193.8,169,193.8,169,193.9,169l-59.7-0.8c-1.4,0-2.5-1.2-2.5-2.5c0-1.4,1.1-2.5,2.5-2.5   c0,0,0,0,0,0l55.5,0.8l-64.1-125l-42.2,81l24.9,44.2c0.4,0.8,0.4,1.7,0,2.5c-0.5,0.8-1.4,1.2-2.2,1.2l-48.8-0.7   c-0.9,0-1.7-0.5-2.1-1.2c-0.4-0.7-0.5-1.7-0.1-2.4L77.7,120L57.3,83.7l-49,81.6c-0.7,1.2-2.3,1.6-3.4,0.9   c-1.2-0.7-1.6-2.3-0.9-3.4l51.2-85.3c0.5-0.8,1.2-1.2,2.2-1.2c0.9,0,1.7,0.5,2.2,1.3l21,37.2l42.9-82.4c0.4-0.8,1.3-1.4,2.2-1.4   c0,0,0,0,0,0c0.9,0,1.8,0.5,2.2,1.4l68.2,133.1c0.4,0.8,0.4,1.7-0.1,2.5C195.5,168.6,194.7,169,193.9,169z M61.4,162.2l40.4,0.6   l-21.1-37.5L61.4,162.2z\"><\/path>\t<\/g><\/g><\/svg><\/span>\n\t\t\t\t\t\t\t\t<span class=\"elementor-accordion-icon-opened\"><svg xmlns=\"http:\/\/www.w3.org\/2000\/svg\" xmlns:xlink=\"http:\/\/www.w3.org\/1999\/xlink\" id=\"Layer_1\" x=\"0px\" y=\"0px\" viewBox=\"0 0 200 200\" style=\"enable-background:new 0 0 200 200;\" xml:space=\"preserve\"><style type=\"text\/css\">\t.st0{fill:#08090A;}<\/style><g>\t<g>\t\t<path class=\"st0\" d=\"M193.9,169C193.8,169,193.8,169,193.9,169l-59.7-0.8c-1.4,0-2.5-1.2-2.5-2.5c0-1.4,1.1-2.5,2.5-2.5   c0,0,0,0,0,0l55.5,0.8l-64.1-125l-42.2,81l24.9,44.2c0.4,0.8,0.4,1.7,0,2.5c-0.5,0.8-1.4,1.2-2.2,1.2l-48.8-0.7   c-0.9,0-1.7-0.5-2.1-1.2c-0.4-0.7-0.5-1.7-0.1-2.4L77.7,120L57.3,83.7l-49,81.6c-0.7,1.2-2.3,1.6-3.4,0.9   c-1.2-0.7-1.6-2.3-0.9-3.4l51.2-85.3c0.5-0.8,1.2-1.2,2.2-1.2c0.9,0,1.7,0.5,2.2,1.3l21,37.2l42.9-82.4c0.4-0.8,1.3-1.4,2.2-1.4   c0,0,0,0,0,0c0.9,0,1.8,0.5,2.2,1.4l68.2,133.1c0.4,0.8,0.4,1.7-0.1,2.5C195.5,168.6,194.7,169,193.9,169z M61.4,162.2l40.4,0.6   l-21.1-37.5L61.4,162.2z\"><\/path>\t<\/g><\/g><\/svg><\/span>\n\t\t\t\t\t\t\t\t\t\t\t\t\t\t<\/span>\n\t\t\t\t\t\t\t\t\t\t\t\t<a class=\"elementor-accordion-title\" tabindex=\"0\">Expertez, conocimiento y profesionalidad<\/a>\n\t\t\t\t\t<\/h2>\n\t\t\t\t\t<div id=\"elementor-tab-content-8541\" class=\"elementor-tab-content elementor-clearfix\" data-tab=\"1\" role=\"region\" aria-labelledby=\"elementor-tab-title-8541\"><p>La gesti\u00f3n y tramitaci\u00f3n de impuestos indirectos, como el IVA o las transmisiones patrimoniales, as\u00ed como la planificaci\u00f3n y liquidaci\u00f3n del impuesto sobre la renta de las personas f\u00edsicas (IRPF) y el impuesto sobre el patrimonio son s\u00f3lo algunas de las \u00e1reas de conocimiento y especializaci\u00f3n de nuestros profesionales.<\/p><p>Adem\u00e1s, nuestro equipo profesional de asesor\u00eda fiscal est\u00e1 tambi\u00e9n preparado para prestar servicios de asesoramiento en inversiones de capital inmobiliario y mobiliario, as\u00ed como en la planificaci\u00f3n y liquidaci\u00f3n de los impuestos sobre sucesiones y donaciones. Y otros tr\u00e1mites como la constituci\u00f3n de entidades jur\u00eddicas o gestiones en el Registro Mercantil son tambi\u00e9n servicios solicitados por nuestros clientes y que podemos resolver de manera personal y profesional.<\/p><\/div>\n\t\t\t\t<\/div>\n\t\t\t\t\t\t\t<div class=\"elementor-accordion-item\">\n\t\t\t\t\t<h2 id=\"elementor-tab-title-8542\" class=\"elementor-tab-title\" data-tab=\"2\" role=\"button\" aria-controls=\"elementor-tab-content-8542\" aria-expanded=\"false\">\n\t\t\t\t\t\t\t\t\t\t\t\t\t<span class=\"elementor-accordion-icon elementor-accordion-icon-left\" aria-hidden=\"true\">\n\t\t\t\t\t\t\t\t\t\t\t\t\t\t\t<span class=\"elementor-accordion-icon-closed\"><svg xmlns=\"http:\/\/www.w3.org\/2000\/svg\" xmlns:xlink=\"http:\/\/www.w3.org\/1999\/xlink\" id=\"Layer_1\" x=\"0px\" y=\"0px\" viewBox=\"0 0 200 200\" style=\"enable-background:new 0 0 200 200;\" xml:space=\"preserve\"><style type=\"text\/css\">\t.st0{fill:#08090A;}<\/style><g>\t<g>\t\t<path class=\"st0\" d=\"M193.9,169C193.8,169,193.8,169,193.9,169l-59.7-0.8c-1.4,0-2.5-1.2-2.5-2.5c0-1.4,1.1-2.5,2.5-2.5   c0,0,0,0,0,0l55.5,0.8l-64.1-125l-42.2,81l24.9,44.2c0.4,0.8,0.4,1.7,0,2.5c-0.5,0.8-1.4,1.2-2.2,1.2l-48.8-0.7   c-0.9,0-1.7-0.5-2.1-1.2c-0.4-0.7-0.5-1.7-0.1-2.4L77.7,120L57.3,83.7l-49,81.6c-0.7,1.2-2.3,1.6-3.4,0.9   c-1.2-0.7-1.6-2.3-0.9-3.4l51.2-85.3c0.5-0.8,1.2-1.2,2.2-1.2c0.9,0,1.7,0.5,2.2,1.3l21,37.2l42.9-82.4c0.4-0.8,1.3-1.4,2.2-1.4   c0,0,0,0,0,0c0.9,0,1.8,0.5,2.2,1.4l68.2,133.1c0.4,0.8,0.4,1.7-0.1,2.5C195.5,168.6,194.7,169,193.9,169z M61.4,162.2l40.4,0.6   l-21.1-37.5L61.4,162.2z\"><\/path>\t<\/g><\/g><\/svg><\/span>\n\t\t\t\t\t\t\t\t<span class=\"elementor-accordion-icon-opened\"><svg xmlns=\"http:\/\/www.w3.org\/2000\/svg\" xmlns:xlink=\"http:\/\/www.w3.org\/1999\/xlink\" id=\"Layer_1\" x=\"0px\" y=\"0px\" viewBox=\"0 0 200 200\" style=\"enable-background:new 0 0 200 200;\" xml:space=\"preserve\"><style type=\"text\/css\">\t.st0{fill:#08090A;}<\/style><g>\t<g>\t\t<path class=\"st0\" d=\"M193.9,169C193.8,169,193.8,169,193.9,169l-59.7-0.8c-1.4,0-2.5-1.2-2.5-2.5c0-1.4,1.1-2.5,2.5-2.5   c0,0,0,0,0,0l55.5,0.8l-64.1-125l-42.2,81l24.9,44.2c0.4,0.8,0.4,1.7,0,2.5c-0.5,0.8-1.4,1.2-2.2,1.2l-48.8-0.7   c-0.9,0-1.7-0.5-2.1-1.2c-0.4-0.7-0.5-1.7-0.1-2.4L77.7,120L57.3,83.7l-49,81.6c-0.7,1.2-2.3,1.6-3.4,0.9   c-1.2-0.7-1.6-2.3-0.9-3.4l51.2-85.3c0.5-0.8,1.2-1.2,2.2-1.2c0.9,0,1.7,0.5,2.2,1.3l21,37.2l42.9-82.4c0.4-0.8,1.3-1.4,2.2-1.4   c0,0,0,0,0,0c0.9,0,1.8,0.5,2.2,1.4l68.2,133.1c0.4,0.8,0.4,1.7-0.1,2.5C195.5,168.6,194.7,169,193.9,169z M61.4,162.2l40.4,0.6   l-21.1-37.5L61.4,162.2z\"><\/path>\t<\/g><\/g><\/svg><\/span>\n\t\t\t\t\t\t\t\t\t\t\t\t\t\t<\/span>\n\t\t\t\t\t\t\t\t\t\t\t\t<a class=\"elementor-accordion-title\" tabindex=\"0\">Servicios de gesti\u00f3n y confecci\u00f3n de liquidaciones tributareas<\/a>\n\t\t\t\t\t<\/h2>\n\t\t\t\t\t<div id=\"elementor-tab-content-8542\" class=\"elementor-tab-content elementor-clearfix\" data-tab=\"2\" role=\"region\" aria-labelledby=\"elementor-tab-title-8542\"><ul><li>Declaraciones peri\u00f3dicas de IVA: mensual, trimestral y anual.<\/li><li>Declaraciones pagos a cuenta de IRPF empresarios individuales.<\/li><li>Declaraciones peri\u00f3dicas retenciones de alquiler: mensual, trimestral y anual.<\/li><li>Declaraci\u00f3n de clientes y proveedores anual (modelo 347) y mensual (modelo 340).<\/li><li>Declaraciones intracomunitarias (modelo 349).<\/li><li>Declaraciones Instraestatales.<\/li><li>Declaraciones Impuesto de Sociedades (modelo 200).<\/li><li>Declaraciones pagos a cuenta impuesto de sociedades (modelo 202).<\/li><li>Declaraciones de Renta y\/o Patrimonio: modalidad individual y conjunta.<\/li><li>Declaraciones IRPF no residentes.<\/li><li>Otros modelos y declaraciones varias.<\/li><\/ul><\/div>\n\t\t\t\t<\/div>\n\t\t\t\t\t\t\t<div class=\"elementor-accordion-item\">\n\t\t\t\t\t<h2 id=\"elementor-tab-title-8543\" class=\"elementor-tab-title\" data-tab=\"3\" role=\"button\" aria-controls=\"elementor-tab-content-8543\" aria-expanded=\"false\">\n\t\t\t\t\t\t\t\t\t\t\t\t\t<span class=\"elementor-accordion-icon elementor-accordion-icon-left\" aria-hidden=\"true\">\n\t\t\t\t\t\t\t\t\t\t\t\t\t\t\t<span class=\"elementor-accordion-icon-closed\"><svg xmlns=\"http:\/\/www.w3.org\/2000\/svg\" xmlns:xlink=\"http:\/\/www.w3.org\/1999\/xlink\" id=\"Layer_1\" x=\"0px\" y=\"0px\" viewBox=\"0 0 200 200\" style=\"enable-background:new 0 0 200 200;\" xml:space=\"preserve\"><style type=\"text\/css\">\t.st0{fill:#08090A;}<\/style><g>\t<g>\t\t<path class=\"st0\" d=\"M193.9,169C193.8,169,193.8,169,193.9,169l-59.7-0.8c-1.4,0-2.5-1.2-2.5-2.5c0-1.4,1.1-2.5,2.5-2.5   c0,0,0,0,0,0l55.5,0.8l-64.1-125l-42.2,81l24.9,44.2c0.4,0.8,0.4,1.7,0,2.5c-0.5,0.8-1.4,1.2-2.2,1.2l-48.8-0.7   c-0.9,0-1.7-0.5-2.1-1.2c-0.4-0.7-0.5-1.7-0.1-2.4L77.7,120L57.3,83.7l-49,81.6c-0.7,1.2-2.3,1.6-3.4,0.9   c-1.2-0.7-1.6-2.3-0.9-3.4l51.2-85.3c0.5-0.8,1.2-1.2,2.2-1.2c0.9,0,1.7,0.5,2.2,1.3l21,37.2l42.9-82.4c0.4-0.8,1.3-1.4,2.2-1.4   c0,0,0,0,0,0c0.9,0,1.8,0.5,2.2,1.4l68.2,133.1c0.4,0.8,0.4,1.7-0.1,2.5C195.5,168.6,194.7,169,193.9,169z M61.4,162.2l40.4,0.6   l-21.1-37.5L61.4,162.2z\"><\/path>\t<\/g><\/g><\/svg><\/span>\n\t\t\t\t\t\t\t\t<span class=\"elementor-accordion-icon-opened\"><svg xmlns=\"http:\/\/www.w3.org\/2000\/svg\" xmlns:xlink=\"http:\/\/www.w3.org\/1999\/xlink\" id=\"Layer_1\" x=\"0px\" y=\"0px\" viewBox=\"0 0 200 200\" style=\"enable-background:new 0 0 200 200;\" xml:space=\"preserve\"><style type=\"text\/css\">\t.st0{fill:#08090A;}<\/style><g>\t<g>\t\t<path class=\"st0\" d=\"M193.9,169C193.8,169,193.8,169,193.9,169l-59.7-0.8c-1.4,0-2.5-1.2-2.5-2.5c0-1.4,1.1-2.5,2.5-2.5   c0,0,0,0,0,0l55.5,0.8l-64.1-125l-42.2,81l24.9,44.2c0.4,0.8,0.4,1.7,0,2.5c-0.5,0.8-1.4,1.2-2.2,1.2l-48.8-0.7   c-0.9,0-1.7-0.5-2.1-1.2c-0.4-0.7-0.5-1.7-0.1-2.4L77.7,120L57.3,83.7l-49,81.6c-0.7,1.2-2.3,1.6-3.4,0.9   c-1.2-0.7-1.6-2.3-0.9-3.4l51.2-85.3c0.5-0.8,1.2-1.2,2.2-1.2c0.9,0,1.7,0.5,2.2,1.3l21,37.2l42.9-82.4c0.4-0.8,1.3-1.4,2.2-1.4   c0,0,0,0,0,0c0.9,0,1.8,0.5,2.2,1.4l68.2,133.1c0.4,0.8,0.4,1.7-0.1,2.5C195.5,168.6,194.7,169,193.9,169z M61.4,162.2l40.4,0.6   l-21.1-37.5L61.4,162.2z\"><\/path>\t<\/g><\/g><\/svg><\/span>\n\t\t\t\t\t\t\t\t\t\t\t\t\t\t<\/span>\n\t\t\t\t\t\t\t\t\t\t\t\t<a class=\"elementor-accordion-title\" tabindex=\"0\">Otros tr\u00e1mites<\/a>\n\t\t\t\t\t<\/h2>\n\t\t\t\t\t<div id=\"elementor-tab-content-8543\" class=\"elementor-tab-content elementor-clearfix\" data-tab=\"3\" role=\"region\" aria-labelledby=\"elementor-tab-title-8543\"><ul><li>Constituci\u00f3n de entidades jur\u00eddicas: sociedad responsabilidad limitada, an\u00f3nima, sociedad civil, comunidad de bienes, sociedades cooperativas, etc.<\/li><li>Ampliaci\u00f3n de capital, reducci\u00f3n, cese y nombramiento de administradores, cambios de domicilio, etc.<\/li><li>Confecci\u00f3n de cuentas anuales de entidades jur\u00eddicas (balances, estados contables y memoria).<br \/>Recursos\/Aplazamientos\/Fraccionamientos.<\/li><li>Obtenci\u00f3n de todo tipo de certificados fiscales\/tributarios.<\/li><li>Tramitaciones en el Registro Mercantil.<\/li><li>Consultor\u00eda fiscal y tributaria.<\/li><\/ul><\/div>\n\t\t\t\t<\/div>\n\t\t\t\t\t\t\t\t<\/div>\n\t\t\t\t\t\t<\/div>\n\t\t\t\t<\/div>\n\t\t\t\t\t<\/div>\n\t\t<\/div>\n\t\t\t\t\t<\/div>\n\t\t<\/section>\n\t\t\t\t<\/div>\n\t\t","protected":false},"excerpt":{"rendered":"<p>ASESOR\u00cdA INTEGRAL CON EXPERI\u00c8NCIA CONTRASTADA Asesor\u00eda fiscal Una asesor\u00eda fiscal ofrece un servicio profesional a todas aquellas personas, aut\u00f3nomos o empresas que necesitan gestionar el cumplimiento de sus obligaciones tributarias con la administraci\u00f3n p\u00fablica. Ofrecemos un asesoramiento permanente adaptado al constante cambio de normativa para ayudar, tanto a personas f\u00edsicas como a empresas, a cumplir [&hellip;]<\/p>\n","protected":false},"author":1,"featured_media":0,"parent":15037,"menu_order":0,"comment_status":"closed","ping_status":"closed","template":"page-full-width.php","meta":{"inline_featured_image":false,"footnotes":""},"class_list":["post-15062","page","type-page","status-publish","hentry"],"yoast_head":"<!-- This site is optimized with the Yoast SEO plugin v27.4 - https:\/\/yoast.com\/product\/yoast-seo-wordpress\/ -->\n<title>Asesor\u00eda fiscal | Lleal Tuls\u00e0 Assessors | Servicios<\/title>\n<meta name=\"description\" content=\"Ofrecemos a empresas, aut\u00f3nomos y personas todos los servicios necesarios para gestionar el cumplimiento de obligaciones tributarias.\" \/>\n<meta name=\"robots\" content=\"index, follow, max-snippet:-1, max-image-preview:large, max-video-preview:-1\" \/>\n<link rel=\"canonical\" href=\"https:\/\/www.llealtulsa.com\/serveis\/assessoria-fiscal\/\" \/>\n<meta property=\"og:locale\" content=\"es_ES\" \/>\n<meta property=\"og:type\" content=\"article\" \/>\n<meta property=\"og:title\" content=\"Asesor\u00eda fiscal | Lleal Tuls\u00e0 Assessors | Servicios\" \/>\n<meta property=\"og:description\" content=\"Ofrecemos a empresas, aut\u00f3nomos y personas todos los servicios necesarios para gestionar el cumplimiento de obligaciones tributarias.\" \/>\n<meta property=\"og:url\" content=\"https:\/\/www.llealtulsa.com\/serveis\/assessoria-fiscal\/\" \/>\n<meta property=\"og:site_name\" content=\"Lleal Tuls\u00e0 Assessors\" \/>\n<meta property=\"article:publisher\" content=\"https:\/\/www.facebook.com\/LlealTulsaAssessors\" \/>\n<meta property=\"article:modified_time\" content=\"2023-11-17T08:23:55+00:00\" \/>\n<meta name=\"twitter:label1\" content=\"Tiempo de lectura\" \/>\n\t<meta name=\"twitter:data1\" content=\"2 minutos\" \/>\n<script type=\"application\/ld+json\" class=\"yoast-schema-graph\">{\"@context\":\"https:\\\/\\\/schema.org\",\"@graph\":[{\"@type\":\"WebPage\",\"@id\":\"https:\\\/\\\/www.llealtulsa.com\\\/serveis\\\/assessoria-fiscal\\\/\",\"url\":\"https:\\\/\\\/www.llealtulsa.com\\\/serveis\\\/assessoria-fiscal\\\/\",\"name\":\"Asesor\u00eda fiscal | Lleal Tuls\u00e0 Assessors | Servicios\",\"isPartOf\":{\"@id\":\"https:\\\/\\\/www.llealtulsa.com\\\/#website\"},\"datePublished\":\"2022-03-29T10:59:46+00:00\",\"dateModified\":\"2023-11-17T08:23:55+00:00\",\"description\":\"Ofrecemos a empresas, aut\u00f3nomos y personas todos los servicios necesarios para gestionar el cumplimiento de obligaciones tributarias.\",\"breadcrumb\":{\"@id\":\"https:\\\/\\\/www.llealtulsa.com\\\/serveis\\\/assessoria-fiscal\\\/#breadcrumb\"},\"inLanguage\":\"es\",\"potentialAction\":[{\"@type\":\"ReadAction\",\"target\":[\"https:\\\/\\\/www.llealtulsa.com\\\/serveis\\\/assessoria-fiscal\\\/\"]}]},{\"@type\":\"BreadcrumbList\",\"@id\":\"https:\\\/\\\/www.llealtulsa.com\\\/serveis\\\/assessoria-fiscal\\\/#breadcrumb\",\"itemListElement\":[{\"@type\":\"ListItem\",\"position\":1,\"name\":\"Inici\",\"item\":\"https:\\\/\\\/www.llealtulsa.com\\\/\"},{\"@type\":\"ListItem\",\"position\":2,\"name\":\"Nuestros servicios\",\"item\":\"https:\\\/\\\/www.llealtulsa.com\\\/es\\\/servicios\\\/\"},{\"@type\":\"ListItem\",\"position\":3,\"name\":\"Asesor\u00eda fiscal\"}]},{\"@type\":\"WebSite\",\"@id\":\"https:\\\/\\\/www.llealtulsa.com\\\/#website\",\"url\":\"https:\\\/\\\/www.llealtulsa.com\\\/\",\"name\":\"Lleal Tuls\u00e0 Assessors\",\"description\":\"Asesoramiento integral para particulares y empresas desde 1984\",\"publisher\":{\"@id\":\"https:\\\/\\\/www.llealtulsa.com\\\/#organization\"},\"potentialAction\":[{\"@type\":\"SearchAction\",\"target\":{\"@type\":\"EntryPoint\",\"urlTemplate\":\"https:\\\/\\\/www.llealtulsa.com\\\/?s={search_term_string}\"},\"query-input\":{\"@type\":\"PropertyValueSpecification\",\"valueRequired\":true,\"valueName\":\"search_term_string\"}}],\"inLanguage\":\"es\"},{\"@type\":\"Organization\",\"@id\":\"https:\\\/\\\/www.llealtulsa.com\\\/#organization\",\"name\":\"Lleal Tuls\u00e0\",\"url\":\"https:\\\/\\\/www.llealtulsa.com\\\/\",\"logo\":{\"@type\":\"ImageObject\",\"inLanguage\":\"es\",\"@id\":\"https:\\\/\\\/www.llealtulsa.com\\\/#\\\/schema\\\/logo\\\/image\\\/\",\"url\":\"https:\\\/\\\/www.llealtulsa.com\\\/wp-content\\\/uploads\\\/2014\\\/04\\\/logo-lleal-tulsa-500px.png\",\"contentUrl\":\"https:\\\/\\\/www.llealtulsa.com\\\/wp-content\\\/uploads\\\/2014\\\/04\\\/logo-lleal-tulsa-500px.png\",\"width\":500,\"height\":150,\"caption\":\"Lleal Tuls\u00e0\"},\"image\":{\"@id\":\"https:\\\/\\\/www.llealtulsa.com\\\/#\\\/schema\\\/logo\\\/image\\\/\"},\"sameAs\":[\"https:\\\/\\\/www.facebook.com\\\/LlealTulsaAssessors\",\"https:\\\/\\\/x.com\\\/lleal_tulsa\",\"https:\\\/\\\/www.instagram.com\\\/llealtulsa\\\/\",\"https:\\\/\\\/www.linkedin.com\\\/company\\\/lleal-tuls-assessors\\\/\",\"https:\\\/\\\/www.youtube.com\\\/channel\\\/UCxLROGtt5RbLQakAFn6dVqw\"]}]}<\/script>\n<!-- \/ Yoast SEO plugin. -->","yoast_head_json":{"title":"Asesor\u00eda fiscal | Lleal Tuls\u00e0 Assessors | Servicios","description":"Ofrecemos a empresas, aut\u00f3nomos y personas todos los servicios necesarios para gestionar el cumplimiento de obligaciones tributarias.","robots":{"index":"index","follow":"follow","max-snippet":"max-snippet:-1","max-image-preview":"max-image-preview:large","max-video-preview":"max-video-preview:-1"},"canonical":"https:\/\/www.llealtulsa.com\/serveis\/assessoria-fiscal\/","og_locale":"es_ES","og_type":"article","og_title":"Asesor\u00eda fiscal | Lleal Tuls\u00e0 Assessors | Servicios","og_description":"Ofrecemos a empresas, aut\u00f3nomos y personas todos los servicios necesarios para gestionar el cumplimiento de obligaciones tributarias.","og_url":"https:\/\/www.llealtulsa.com\/serveis\/assessoria-fiscal\/","og_site_name":"Lleal Tuls\u00e0 Assessors","article_publisher":"https:\/\/www.facebook.com\/LlealTulsaAssessors","article_modified_time":"2023-11-17T08:23:55+00:00","twitter_misc":{"Tiempo de lectura":"2 minutos"},"schema":{"@context":"https:\/\/schema.org","@graph":[{"@type":"WebPage","@id":"https:\/\/www.llealtulsa.com\/serveis\/assessoria-fiscal\/","url":"https:\/\/www.llealtulsa.com\/serveis\/assessoria-fiscal\/","name":"Asesor\u00eda fiscal | Lleal Tuls\u00e0 Assessors | Servicios","isPartOf":{"@id":"https:\/\/www.llealtulsa.com\/#website"},"datePublished":"2022-03-29T10:59:46+00:00","dateModified":"2023-11-17T08:23:55+00:00","description":"Ofrecemos a empresas, aut\u00f3nomos y personas todos los servicios necesarios para gestionar el cumplimiento de obligaciones tributarias.","breadcrumb":{"@id":"https:\/\/www.llealtulsa.com\/serveis\/assessoria-fiscal\/#breadcrumb"},"inLanguage":"es","potentialAction":[{"@type":"ReadAction","target":["https:\/\/www.llealtulsa.com\/serveis\/assessoria-fiscal\/"]}]},{"@type":"BreadcrumbList","@id":"https:\/\/www.llealtulsa.com\/serveis\/assessoria-fiscal\/#breadcrumb","itemListElement":[{"@type":"ListItem","position":1,"name":"Inici","item":"https:\/\/www.llealtulsa.com\/"},{"@type":"ListItem","position":2,"name":"Nuestros servicios","item":"https:\/\/www.llealtulsa.com\/es\/servicios\/"},{"@type":"ListItem","position":3,"name":"Asesor\u00eda fiscal"}]},{"@type":"WebSite","@id":"https:\/\/www.llealtulsa.com\/#website","url":"https:\/\/www.llealtulsa.com\/","name":"Lleal Tuls\u00e0 Assessors","description":"Asesoramiento integral para particulares y empresas desde 1984","publisher":{"@id":"https:\/\/www.llealtulsa.com\/#organization"},"potentialAction":[{"@type":"SearchAction","target":{"@type":"EntryPoint","urlTemplate":"https:\/\/www.llealtulsa.com\/?s={search_term_string}"},"query-input":{"@type":"PropertyValueSpecification","valueRequired":true,"valueName":"search_term_string"}}],"inLanguage":"es"},{"@type":"Organization","@id":"https:\/\/www.llealtulsa.com\/#organization","name":"Lleal Tuls\u00e0","url":"https:\/\/www.llealtulsa.com\/","logo":{"@type":"ImageObject","inLanguage":"es","@id":"https:\/\/www.llealtulsa.com\/#\/schema\/logo\/image\/","url":"https:\/\/www.llealtulsa.com\/wp-content\/uploads\/2014\/04\/logo-lleal-tulsa-500px.png","contentUrl":"https:\/\/www.llealtulsa.com\/wp-content\/uploads\/2014\/04\/logo-lleal-tulsa-500px.png","width":500,"height":150,"caption":"Lleal Tuls\u00e0"},"image":{"@id":"https:\/\/www.llealtulsa.com\/#\/schema\/logo\/image\/"},"sameAs":["https:\/\/www.facebook.com\/LlealTulsaAssessors","https:\/\/x.com\/lleal_tulsa","https:\/\/www.instagram.com\/llealtulsa\/","https:\/\/www.linkedin.com\/company\/lleal-tuls-assessors\/","https:\/\/www.youtube.com\/channel\/UCxLROGtt5RbLQakAFn6dVqw"]}]}},"_links":{"self":[{"href":"https:\/\/www.llealtulsa.com\/es\/wp-json\/wp\/v2\/pages\/15062","targetHints":{"allow":["GET"]}}],"collection":[{"href":"https:\/\/www.llealtulsa.com\/es\/wp-json\/wp\/v2\/pages"}],"about":[{"href":"https:\/\/www.llealtulsa.com\/es\/wp-json\/wp\/v2\/types\/page"}],"author":[{"embeddable":true,"href":"https:\/\/www.llealtulsa.com\/es\/wp-json\/wp\/v2\/users\/1"}],"replies":[{"embeddable":true,"href":"https:\/\/www.llealtulsa.com\/es\/wp-json\/wp\/v2\/comments?post=15062"}],"version-history":[{"count":5,"href":"https:\/\/www.llealtulsa.com\/es\/wp-json\/wp\/v2\/pages\/15062\/revisions"}],"predecessor-version":[{"id":17068,"href":"https:\/\/www.llealtulsa.com\/es\/wp-json\/wp\/v2\/pages\/15062\/revisions\/17068"}],"up":[{"embeddable":true,"href":"https:\/\/www.llealtulsa.com\/es\/wp-json\/wp\/v2\/pages\/15037"}],"wp:attachment":[{"href":"https:\/\/www.llealtulsa.com\/es\/wp-json\/wp\/v2\/media?parent=15062"}],"curies":[{"name":"wp","href":"https:\/\/api.w.org\/{rel}","templated":true}]}}