{"id":15074,"date":"2022-03-29T13:25:10","date_gmt":"2022-03-29T11:25:10","guid":{"rendered":"https:\/\/www.llealtulsa.com\/servicios\/assessoria-comptable\/"},"modified":"2023-11-17T10:24:34","modified_gmt":"2023-11-17T08:24:34","slug":"asesoria-contable","status":"publish","type":"page","link":"https:\/\/www.llealtulsa.com\/es\/servicios\/asesoria-contable\/","title":{"rendered":"Asesor\u00eda contable"},"content":{"rendered":"\t\t<div data-elementor-type=\"wp-page\" data-elementor-id=\"15074\" class=\"elementor elementor-15074 elementor-13825\">\n\t\t\t\t\t\t<section class=\"elementor-section elementor-top-section elementor-element elementor-element-5af965c elementor-section-boxed elementor-section-height-default elementor-section-height-default qodef-elementor-content-no\" data-id=\"5af965c\" data-element_type=\"section\" data-e-type=\"section\">\n\t\t\t\t\t\t<div class=\"elementor-container elementor-column-gap-default\">\n\t\t\t\t\t<div class=\"elementor-column elementor-col-100 elementor-top-column elementor-element elementor-element-8d11603\" data-id=\"8d11603\" data-element_type=\"column\" data-e-type=\"column\">\n\t\t\t<div class=\"elementor-widget-wrap elementor-element-populated\">\n\t\t\t\t\t\t<div class=\"elementor-element elementor-element-c66c4a9 elementor-widget elementor-widget-valiance_core_section_title\" data-id=\"c66c4a9\" data-element_type=\"widget\" data-e-type=\"widget\" data-widget_type=\"valiance_core_section_title.default\">\n\t\t\t\t<div class=\"elementor-widget-container\">\n\t\t\t\t\t<div class=\"qodef-shortcode qodef-m  qodef-section-title qodef-alignment--left  \">\n\t\t<p class=\"qodef-m-subtitle\" style=\"color: #B23933;margin-bottom: 9px\">ASESOR\u00cdA INTEGRAL CON  EXPERI\u00c8NCIA CONTRASTADA<\/p>\n\t\t<h2 class=\"qodef-m-title\" >\n\t\t\t\t\tAsesor\u00eda contable\t\t\t<\/h2>\n\t\t<p class=\"qodef-m-text\" style=\"margin-top: 15px;font-size: 16px;line-height: 25px\">Una asesor\u00eda contable es la que ofrece un servicio integral sobre el registro mercantil. Es decir, sobre todo lo relacionado con la econom\u00eda y la contabilidad de un negocio.<\/p>\n<\/div>\n\t\t\t\t<\/div>\n\t\t\t\t<\/div>\n\t\t\t\t\t<\/div>\n\t\t<\/div>\n\t\t\t\t\t<\/div>\n\t\t<\/section>\n\t\t\t\t<section class=\"elementor-section elementor-top-section elementor-element elementor-element-17c6ee8 elementor-section-boxed elementor-section-height-default elementor-section-height-default qodef-elementor-content-no\" data-id=\"17c6ee8\" data-element_type=\"section\" data-e-type=\"section\">\n\t\t\t\t\t\t<div class=\"elementor-container elementor-column-gap-default\">\n\t\t\t\t\t<div class=\"elementor-column elementor-col-100 elementor-top-column elementor-element elementor-element-90b3f31\" data-id=\"90b3f31\" data-element_type=\"column\" data-e-type=\"column\">\n\t\t\t<div class=\"elementor-widget-wrap elementor-element-populated\">\n\t\t\t\t\t\t<div class=\"elementor-element elementor-element-ffe8e33 elementor-widget elementor-widget-text-editor\" data-id=\"ffe8e33\" data-element_type=\"widget\" data-e-type=\"widget\" data-widget_type=\"text-editor.default\">\n\t\t\t\t<div class=\"elementor-widget-container\">\n\t\t\t\t\t\t\t\t\tOfrecemos un servicio contable completo con el objetivo principal de asesorar y planificar todos los aspectos relativos a esta \u00e1rea, tanto para empresarios individuales como para grandes entidades jur\u00eddicas.\t\t\t\t\t\t\t\t<\/div>\n\t\t\t\t<\/div>\n\t\t\t\t\t<\/div>\n\t\t<\/div>\n\t\t\t\t\t<\/div>\n\t\t<\/section>\n\t\t\t\t<section class=\"elementor-section elementor-top-section elementor-element elementor-element-d1e8ffb elementor-section-boxed elementor-section-height-default elementor-section-height-default qodef-elementor-content-no\" data-id=\"d1e8ffb\" data-element_type=\"section\" data-e-type=\"section\">\n\t\t\t\t\t\t<div class=\"elementor-container elementor-column-gap-default\">\n\t\t\t\t\t<div class=\"elementor-column elementor-col-100 elementor-top-column elementor-element elementor-element-c00b9de\" data-id=\"c00b9de\" data-element_type=\"column\" data-e-type=\"column\">\n\t\t\t<div class=\"elementor-widget-wrap elementor-element-populated\">\n\t\t\t\t\t\t<div class=\"elementor-element elementor-element-bda0b95 elementor-widget elementor-widget-accordion\" data-id=\"bda0b95\" data-element_type=\"widget\" data-e-type=\"widget\" data-widget_type=\"accordion.default\">\n\t\t\t\t<div class=\"elementor-widget-container\">\n\t\t\t\t\t\t\t<div class=\"elementor-accordion\">\n\t\t\t\t\t\t\t<div class=\"elementor-accordion-item\">\n\t\t\t\t\t<h2 id=\"elementor-tab-title-1981\" class=\"elementor-tab-title\" data-tab=\"1\" role=\"button\" aria-controls=\"elementor-tab-content-1981\" aria-expanded=\"false\">\n\t\t\t\t\t\t\t\t\t\t\t\t\t<span class=\"elementor-accordion-icon elementor-accordion-icon-left\" aria-hidden=\"true\">\n\t\t\t\t\t\t\t\t\t\t\t\t\t\t\t<span class=\"elementor-accordion-icon-closed\"><svg xmlns=\"http:\/\/www.w3.org\/2000\/svg\" id=\"Layer_1\" data-name=\"Layer 1\" viewBox=\"0 0 200 200\"><defs><style>.cls-1{fill:#060606;}<\/style><\/defs><path class=\"cls-1\" d=\"M100.07,173.85a2.13,2.13,0,0,1-1.5-.62l-71.8-71.8a2.12,2.12,0,0,1-.62-1.5,2.14,2.14,0,0,1,.62-1.51L98.43,26.77a2.12,2.12,0,0,1,3,0l71.8,71.8a2.13,2.13,0,0,1,0,3l-71.65,71.65A2.15,2.15,0,0,1,100.07,173.85ZM31.29,99.93l68.78,68.78,68.64-68.64L99.93,31.29Z\"><\/path><path class=\"cls-1\" d=\"M98.74,132.27a2.12,2.12,0,0,1-1.5-.62L72.58,107a2.11,2.11,0,0,1,0-3L90.83,85.72a2.12,2.12,0,1,1,3,3L77.09,105.48l21.65,21.66,50-50a2.12,2.12,0,0,1,3,3l-51.52,51.53A2.13,2.13,0,0,1,98.74,132.27Z\"><\/path><\/svg><\/span>\n\t\t\t\t\t\t\t\t<span class=\"elementor-accordion-icon-opened\"><svg xmlns=\"http:\/\/www.w3.org\/2000\/svg\" id=\"Layer_1\" data-name=\"Layer 1\" viewBox=\"0 0 200 200\"><defs><style>.cls-1{fill:#060606;}<\/style><\/defs><path class=\"cls-1\" d=\"M100.07,173.85a2.13,2.13,0,0,1-1.5-.62l-71.8-71.8a2.12,2.12,0,0,1-.62-1.5,2.14,2.14,0,0,1,.62-1.51L98.43,26.77a2.12,2.12,0,0,1,3,0l71.8,71.8a2.13,2.13,0,0,1,0,3l-71.65,71.65A2.15,2.15,0,0,1,100.07,173.85ZM31.29,99.93l68.78,68.78,68.64-68.64L99.93,31.29Z\"><\/path><path class=\"cls-1\" d=\"M98.74,132.27a2.12,2.12,0,0,1-1.5-.62L72.58,107a2.11,2.11,0,0,1,0-3L90.83,85.72a2.12,2.12,0,1,1,3,3L77.09,105.48l21.65,21.66,50-50a2.12,2.12,0,0,1,3,3l-51.52,51.53A2.13,2.13,0,0,1,98.74,132.27Z\"><\/path><\/svg><\/span>\n\t\t\t\t\t\t\t\t\t\t\t\t\t\t<\/span>\n\t\t\t\t\t\t\t\t\t\t\t\t<a class=\"elementor-accordion-title\" tabindex=\"0\">Gesti\u00f3n bajo control por un experto<\/a>\n\t\t\t\t\t<\/h2>\n\t\t\t\t\t<div id=\"elementor-tab-content-1981\" class=\"elementor-tab-content elementor-clearfix\" data-tab=\"1\" role=\"region\" aria-labelledby=\"elementor-tab-title-1981\"><p>Cualquier negocio necesita tener una econom\u00eda y una contabilidad bien controladas. Este control se realiza por varios motivos, pero, sobre todo para prevenir futuribles crisis o para saber a qu\u00e9 escala es recomendable crecer de cara a mantener saneadas sus cuentas.<\/p><p>Los profesionales de nuestro despacho, y los responsables de la asesor\u00eda contable, disponen de conocimientos actualizados constantemente para estudiar cualquier situaci\u00f3n y actuar en funci\u00f3n de las necesidades del cliente.<\/p><ul><li>Confecci\u00f3n y mecanizaci\u00f3n contable.<\/li><li>Utilizamos herramientas inform\u00e1ticas adecuadas para tratar sus datos con el m\u00e1ximo detalle.<\/li><li>Confecci\u00f3n de libros oficiales: diario de contabilidad, mayores, inventario y balances, etc.<\/li><li>Realizamos el an\u00e1lisis de balances y cuentas de explotaci\u00f3n, obtenci\u00f3n de ratios, etc.<\/li><li>Estudiamos y confeccionamos a medida todo tipo de informes econ\u00f3micos.<\/li><li>Nos dedicamos plenamente a su empresa realizando estudios y auditor\u00edas para asesorarle al detalle.<\/li><\/ul><\/div>\n\t\t\t\t<\/div>\n\t\t\t\t\t\t\t\t<\/div>\n\t\t\t\t\t\t<\/div>\n\t\t\t\t<\/div>\n\t\t\t\t\t<\/div>\n\t\t<\/div>\n\t\t\t\t\t<\/div>\n\t\t<\/section>\n\t\t\t\t<\/div>\n\t\t","protected":false},"excerpt":{"rendered":"<p>ASESOR\u00cdA INTEGRAL CON EXPERI\u00c8NCIA CONTRASTADA Asesor\u00eda contable Una asesor\u00eda contable es la que ofrece un servicio integral sobre el registro mercantil. Es decir, sobre todo lo relacionado con la econom\u00eda y la contabilidad de un negocio. Ofrecemos un servicio contable completo con el objetivo principal de asesorar y planificar todos los aspectos relativos a esta [&hellip;]<\/p>\n","protected":false},"author":1,"featured_media":0,"parent":15037,"menu_order":0,"comment_status":"closed","ping_status":"closed","template":"page-full-width.php","meta":{"inline_featured_image":false,"footnotes":""},"class_list":["post-15074","page","type-page","status-publish","hentry"],"yoast_head":"<!-- This site is optimized with the Yoast SEO plugin v27.4 - https:\/\/yoast.com\/product\/yoast-seo-wordpress\/ -->\n<title>Asesor\u00eda contable | Lleal Tuls\u00e0 Assessors | Servicios<\/title>\n<meta name=\"description\" content=\"Una asesor\u00eda contable le ofrece un servicio integral sobre el registro mercantil y todo lo relacionado con la econom\u00eda y la contabilidad.\" \/>\n<meta name=\"robots\" content=\"index, follow, max-snippet:-1, max-image-preview:large, max-video-preview:-1\" \/>\n<link rel=\"canonical\" href=\"https:\/\/www.llealtulsa.com\/serveis\/assessoria-comptable\/\" \/>\n<meta property=\"og:locale\" content=\"es_ES\" \/>\n<meta property=\"og:type\" content=\"article\" \/>\n<meta property=\"og:title\" content=\"Asesor\u00eda contable | Lleal Tuls\u00e0 Assessors | Servicios\" \/>\n<meta property=\"og:description\" content=\"Una asesor\u00eda contable le ofrece un servicio integral sobre el registro mercantil y todo lo relacionado con la econom\u00eda y la contabilidad.\" \/>\n<meta property=\"og:url\" content=\"https:\/\/www.llealtulsa.com\/serveis\/assessoria-comptable\/\" \/>\n<meta property=\"og:site_name\" content=\"Lleal Tuls\u00e0 Assessors\" \/>\n<meta property=\"article:publisher\" content=\"https:\/\/www.facebook.com\/LlealTulsaAssessors\" \/>\n<meta property=\"article:modified_time\" content=\"2023-11-17T08:24:34+00:00\" \/>\n<meta name=\"twitter:label1\" content=\"Tiempo de lectura\" \/>\n\t<meta name=\"twitter:data1\" content=\"2 minutos\" \/>\n<script type=\"application\/ld+json\" class=\"yoast-schema-graph\">{\"@context\":\"https:\\\/\\\/schema.org\",\"@graph\":[{\"@type\":\"WebPage\",\"@id\":\"https:\\\/\\\/www.llealtulsa.com\\\/serveis\\\/assessoria-comptable\\\/\",\"url\":\"https:\\\/\\\/www.llealtulsa.com\\\/serveis\\\/assessoria-comptable\\\/\",\"name\":\"Asesor\u00eda contable | Lleal Tuls\u00e0 Assessors | Servicios\",\"isPartOf\":{\"@id\":\"https:\\\/\\\/www.llealtulsa.com\\\/#website\"},\"datePublished\":\"2022-03-29T11:25:10+00:00\",\"dateModified\":\"2023-11-17T08:24:34+00:00\",\"description\":\"Una asesor\u00eda contable le ofrece un servicio integral sobre el registro mercantil y todo lo relacionado con la econom\u00eda y la contabilidad.\",\"breadcrumb\":{\"@id\":\"https:\\\/\\\/www.llealtulsa.com\\\/serveis\\\/assessoria-comptable\\\/#breadcrumb\"},\"inLanguage\":\"es\",\"potentialAction\":[{\"@type\":\"ReadAction\",\"target\":[\"https:\\\/\\\/www.llealtulsa.com\\\/serveis\\\/assessoria-comptable\\\/\"]}]},{\"@type\":\"BreadcrumbList\",\"@id\":\"https:\\\/\\\/www.llealtulsa.com\\\/serveis\\\/assessoria-comptable\\\/#breadcrumb\",\"itemListElement\":[{\"@type\":\"ListItem\",\"position\":1,\"name\":\"Inici\",\"item\":\"https:\\\/\\\/www.llealtulsa.com\\\/\"},{\"@type\":\"ListItem\",\"position\":2,\"name\":\"Nuestros servicios\",\"item\":\"https:\\\/\\\/www.llealtulsa.com\\\/es\\\/servicios\\\/\"},{\"@type\":\"ListItem\",\"position\":3,\"name\":\"Asesor\u00eda contable\"}]},{\"@type\":\"WebSite\",\"@id\":\"https:\\\/\\\/www.llealtulsa.com\\\/#website\",\"url\":\"https:\\\/\\\/www.llealtulsa.com\\\/\",\"name\":\"Lleal Tuls\u00e0 Assessors\",\"description\":\"Asesoramiento integral para particulares y empresas desde 1984\",\"publisher\":{\"@id\":\"https:\\\/\\\/www.llealtulsa.com\\\/#organization\"},\"potentialAction\":[{\"@type\":\"SearchAction\",\"target\":{\"@type\":\"EntryPoint\",\"urlTemplate\":\"https:\\\/\\\/www.llealtulsa.com\\\/?s={search_term_string}\"},\"query-input\":{\"@type\":\"PropertyValueSpecification\",\"valueRequired\":true,\"valueName\":\"search_term_string\"}}],\"inLanguage\":\"es\"},{\"@type\":\"Organization\",\"@id\":\"https:\\\/\\\/www.llealtulsa.com\\\/#organization\",\"name\":\"Lleal Tuls\u00e0\",\"url\":\"https:\\\/\\\/www.llealtulsa.com\\\/\",\"logo\":{\"@type\":\"ImageObject\",\"inLanguage\":\"es\",\"@id\":\"https:\\\/\\\/www.llealtulsa.com\\\/#\\\/schema\\\/logo\\\/image\\\/\",\"url\":\"https:\\\/\\\/www.llealtulsa.com\\\/wp-content\\\/uploads\\\/2014\\\/04\\\/logo-lleal-tulsa-500px.png\",\"contentUrl\":\"https:\\\/\\\/www.llealtulsa.com\\\/wp-content\\\/uploads\\\/2014\\\/04\\\/logo-lleal-tulsa-500px.png\",\"width\":500,\"height\":150,\"caption\":\"Lleal Tuls\u00e0\"},\"image\":{\"@id\":\"https:\\\/\\\/www.llealtulsa.com\\\/#\\\/schema\\\/logo\\\/image\\\/\"},\"sameAs\":[\"https:\\\/\\\/www.facebook.com\\\/LlealTulsaAssessors\",\"https:\\\/\\\/x.com\\\/lleal_tulsa\",\"https:\\\/\\\/www.instagram.com\\\/llealtulsa\\\/\",\"https:\\\/\\\/www.linkedin.com\\\/company\\\/lleal-tuls-assessors\\\/\",\"https:\\\/\\\/www.youtube.com\\\/channel\\\/UCxLROGtt5RbLQakAFn6dVqw\"]}]}<\/script>\n<!-- \/ Yoast SEO plugin. -->","yoast_head_json":{"title":"Asesor\u00eda contable | Lleal Tuls\u00e0 Assessors | Servicios","description":"Una asesor\u00eda contable le ofrece un servicio integral sobre el registro mercantil y todo lo relacionado con la econom\u00eda y la contabilidad.","robots":{"index":"index","follow":"follow","max-snippet":"max-snippet:-1","max-image-preview":"max-image-preview:large","max-video-preview":"max-video-preview:-1"},"canonical":"https:\/\/www.llealtulsa.com\/serveis\/assessoria-comptable\/","og_locale":"es_ES","og_type":"article","og_title":"Asesor\u00eda contable | Lleal Tuls\u00e0 Assessors | Servicios","og_description":"Una asesor\u00eda contable le ofrece un servicio integral sobre el registro mercantil y todo lo relacionado con la econom\u00eda y la contabilidad.","og_url":"https:\/\/www.llealtulsa.com\/serveis\/assessoria-comptable\/","og_site_name":"Lleal Tuls\u00e0 Assessors","article_publisher":"https:\/\/www.facebook.com\/LlealTulsaAssessors","article_modified_time":"2023-11-17T08:24:34+00:00","twitter_misc":{"Tiempo de lectura":"2 minutos"},"schema":{"@context":"https:\/\/schema.org","@graph":[{"@type":"WebPage","@id":"https:\/\/www.llealtulsa.com\/serveis\/assessoria-comptable\/","url":"https:\/\/www.llealtulsa.com\/serveis\/assessoria-comptable\/","name":"Asesor\u00eda contable | Lleal Tuls\u00e0 Assessors | Servicios","isPartOf":{"@id":"https:\/\/www.llealtulsa.com\/#website"},"datePublished":"2022-03-29T11:25:10+00:00","dateModified":"2023-11-17T08:24:34+00:00","description":"Una asesor\u00eda contable le ofrece un servicio integral sobre el registro mercantil y todo lo relacionado con la econom\u00eda y la contabilidad.","breadcrumb":{"@id":"https:\/\/www.llealtulsa.com\/serveis\/assessoria-comptable\/#breadcrumb"},"inLanguage":"es","potentialAction":[{"@type":"ReadAction","target":["https:\/\/www.llealtulsa.com\/serveis\/assessoria-comptable\/"]}]},{"@type":"BreadcrumbList","@id":"https:\/\/www.llealtulsa.com\/serveis\/assessoria-comptable\/#breadcrumb","itemListElement":[{"@type":"ListItem","position":1,"name":"Inici","item":"https:\/\/www.llealtulsa.com\/"},{"@type":"ListItem","position":2,"name":"Nuestros servicios","item":"https:\/\/www.llealtulsa.com\/es\/servicios\/"},{"@type":"ListItem","position":3,"name":"Asesor\u00eda contable"}]},{"@type":"WebSite","@id":"https:\/\/www.llealtulsa.com\/#website","url":"https:\/\/www.llealtulsa.com\/","name":"Lleal Tuls\u00e0 Assessors","description":"Asesoramiento integral para particulares y empresas desde 1984","publisher":{"@id":"https:\/\/www.llealtulsa.com\/#organization"},"potentialAction":[{"@type":"SearchAction","target":{"@type":"EntryPoint","urlTemplate":"https:\/\/www.llealtulsa.com\/?s={search_term_string}"},"query-input":{"@type":"PropertyValueSpecification","valueRequired":true,"valueName":"search_term_string"}}],"inLanguage":"es"},{"@type":"Organization","@id":"https:\/\/www.llealtulsa.com\/#organization","name":"Lleal Tuls\u00e0","url":"https:\/\/www.llealtulsa.com\/","logo":{"@type":"ImageObject","inLanguage":"es","@id":"https:\/\/www.llealtulsa.com\/#\/schema\/logo\/image\/","url":"https:\/\/www.llealtulsa.com\/wp-content\/uploads\/2014\/04\/logo-lleal-tulsa-500px.png","contentUrl":"https:\/\/www.llealtulsa.com\/wp-content\/uploads\/2014\/04\/logo-lleal-tulsa-500px.png","width":500,"height":150,"caption":"Lleal Tuls\u00e0"},"image":{"@id":"https:\/\/www.llealtulsa.com\/#\/schema\/logo\/image\/"},"sameAs":["https:\/\/www.facebook.com\/LlealTulsaAssessors","https:\/\/x.com\/lleal_tulsa","https:\/\/www.instagram.com\/llealtulsa\/","https:\/\/www.linkedin.com\/company\/lleal-tuls-assessors\/","https:\/\/www.youtube.com\/channel\/UCxLROGtt5RbLQakAFn6dVqw"]}]}},"_links":{"self":[{"href":"https:\/\/www.llealtulsa.com\/es\/wp-json\/wp\/v2\/pages\/15074","targetHints":{"allow":["GET"]}}],"collection":[{"href":"https:\/\/www.llealtulsa.com\/es\/wp-json\/wp\/v2\/pages"}],"about":[{"href":"https:\/\/www.llealtulsa.com\/es\/wp-json\/wp\/v2\/types\/page"}],"author":[{"embeddable":true,"href":"https:\/\/www.llealtulsa.com\/es\/wp-json\/wp\/v2\/users\/1"}],"replies":[{"embeddable":true,"href":"https:\/\/www.llealtulsa.com\/es\/wp-json\/wp\/v2\/comments?post=15074"}],"version-history":[{"count":5,"href":"https:\/\/www.llealtulsa.com\/es\/wp-json\/wp\/v2\/pages\/15074\/revisions"}],"predecessor-version":[{"id":17074,"href":"https:\/\/www.llealtulsa.com\/es\/wp-json\/wp\/v2\/pages\/15074\/revisions\/17074"}],"up":[{"embeddable":true,"href":"https:\/\/www.llealtulsa.com\/es\/wp-json\/wp\/v2\/pages\/15037"}],"wp:attachment":[{"href":"https:\/\/www.llealtulsa.com\/es\/wp-json\/wp\/v2\/media?parent=15074"}],"curies":[{"name":"wp","href":"https:\/\/api.w.org\/{rel}","templated":true}]}}