{"id":15104,"date":"2022-03-29T15:34:24","date_gmt":"2022-03-29T13:34:24","guid":{"rendered":"https:\/\/www.llealtulsa.com\/servicios\/assessoria-de-comunicacio\/"},"modified":"2023-11-17T10:27:20","modified_gmt":"2023-11-17T08:27:20","slug":"asesoria-de-comunicacion","status":"publish","type":"page","link":"https:\/\/www.llealtulsa.com\/es\/servicios\/asesoria-de-comunicacion\/","title":{"rendered":"Asesor\u00eda de comunicaci\u00f3n"},"content":{"rendered":"\t\t<div data-elementor-type=\"wp-page\" data-elementor-id=\"15104\" class=\"elementor elementor-15104 elementor-13884\">\n\t\t\t\t\t\t<section class=\"elementor-section elementor-top-section elementor-element elementor-element-5af965c elementor-section-boxed elementor-section-height-default elementor-section-height-default qodef-elementor-content-no\" data-id=\"5af965c\" data-element_type=\"section\" data-e-type=\"section\">\n\t\t\t\t\t\t<div class=\"elementor-container elementor-column-gap-default\">\n\t\t\t\t\t<div class=\"elementor-column elementor-col-100 elementor-top-column elementor-element elementor-element-8d11603\" data-id=\"8d11603\" data-element_type=\"column\" data-e-type=\"column\">\n\t\t\t<div class=\"elementor-widget-wrap elementor-element-populated\">\n\t\t\t\t\t\t<div class=\"elementor-element elementor-element-c66c4a9 elementor-widget elementor-widget-valiance_core_section_title\" data-id=\"c66c4a9\" data-element_type=\"widget\" data-e-type=\"widget\" data-widget_type=\"valiance_core_section_title.default\">\n\t\t\t\t<div class=\"elementor-widget-container\">\n\t\t\t\t\t<div class=\"qodef-shortcode qodef-m  qodef-section-title qodef-alignment--left  \">\n\t\t<p class=\"qodef-m-subtitle\" style=\"color: #B23933;margin-bottom: 9px\">ASESOR\u00cdA INTEGRAL CON EXPERI\u00c8NCIA CONTRASTADA<\/p>\n\t\t<h2 class=\"qodef-m-title\" >\n\t\t\t\t\tAsesor\u00eda de comunicaci\u00f3n\t\t\t<\/h2>\n\t\t<p class=\"qodef-m-text\" style=\"margin-top: 15px;font-size: 16px;line-height: 25px\">Te acompa\u00f1amos en la divulgaci\u00f3n y digitalizaci\u00f3n de tu marca.<\/p>\n<\/div>\n\t\t\t\t<\/div>\n\t\t\t\t<\/div>\n\t\t\t\t\t<\/div>\n\t\t<\/div>\n\t\t\t\t\t<\/div>\n\t\t<\/section>\n\t\t\t\t<section class=\"elementor-section elementor-top-section elementor-element elementor-element-17c6ee8 elementor-section-boxed elementor-section-height-default elementor-section-height-default qodef-elementor-content-no\" data-id=\"17c6ee8\" data-element_type=\"section\" data-e-type=\"section\">\n\t\t\t\t\t\t<div class=\"elementor-container elementor-column-gap-default\">\n\t\t\t\t\t<div class=\"elementor-column elementor-col-100 elementor-top-column elementor-element elementor-element-90b3f31\" data-id=\"90b3f31\" data-element_type=\"column\" data-e-type=\"column\">\n\t\t\t<div class=\"elementor-widget-wrap elementor-element-populated\">\n\t\t\t\t\t\t<div class=\"elementor-element elementor-element-ffe8e33 elementor-widget elementor-widget-text-editor\" data-id=\"ffe8e33\" data-element_type=\"widget\" data-e-type=\"widget\" data-widget_type=\"text-editor.default\">\n\t\t\t\t<div class=\"elementor-widget-container\">\n\t\t\t\t\t\t\t\t\t<p>Apostamos por potenciar acciones que reflejen el alma de la empresa, desde el plan estrat\u00e9gico hasta la difusi\u00f3n en redes sociales, pasando por el email marketing, a utilizar una direcci\u00f3n de correo electr\u00f3nico corporativa o a planificar acciones en prensa.<\/p><p>El sector de la comunicaci\u00f3n ha cambiado y la forma de consumir contenido, tambi\u00e9n. Ahora todo pasa por la red e Internet es el rey. Por eso es necesario saber c\u00f3mo gestionar una marca en el entorno digital.<\/p><p>Desde el \u00e1rea de asesor\u00eda de comunicaci\u00f3n de Lleal Tuls\u00e0 trabajamos para situar en el mapa digital a las empresas que lo deseen.<\/p><p>Los servicios de comunicaci\u00f3n que se ofrecen desde Lleal Tuls\u00e0 pretenden conseguir los objetivos marcados por la empresa, pero todos ellos siempre tendr\u00e1n en com\u00fan los siguientes puntos:<\/p><ul><li>Construcci\u00f3n de una identidad corporativa, de una marca.<\/li><li>Divulgaci\u00f3n de los servicios y productos ofrecidos.<\/li><li>Creaci\u00f3n de comunidad de seguidores o clientes.<\/li><\/ul>\t\t\t\t\t\t\t\t<\/div>\n\t\t\t\t<\/div>\n\t\t\t\t\t<\/div>\n\t\t<\/div>\n\t\t\t\t\t<\/div>\n\t\t<\/section>\n\t\t\t\t<section class=\"elementor-section elementor-top-section elementor-element elementor-element-d1e8ffb elementor-section-boxed elementor-section-height-default elementor-section-height-default qodef-elementor-content-no\" data-id=\"d1e8ffb\" data-element_type=\"section\" data-e-type=\"section\">\n\t\t\t\t\t\t<div class=\"elementor-container elementor-column-gap-default\">\n\t\t\t\t\t<div class=\"elementor-column elementor-col-100 elementor-top-column elementor-element elementor-element-c00b9de\" data-id=\"c00b9de\" data-element_type=\"column\" data-e-type=\"column\">\n\t\t\t<div class=\"elementor-widget-wrap elementor-element-populated\">\n\t\t\t\t\t\t<div class=\"elementor-element elementor-element-d627489 elementor-widget elementor-widget-accordion\" data-id=\"d627489\" data-element_type=\"widget\" data-e-type=\"widget\" data-widget_type=\"accordion.default\">\n\t\t\t\t<div class=\"elementor-widget-container\">\n\t\t\t\t\t\t\t<div class=\"elementor-accordion\">\n\t\t\t\t\t\t\t<div class=\"elementor-accordion-item\">\n\t\t\t\t\t<h2 id=\"elementor-tab-title-2241\" class=\"elementor-tab-title\" data-tab=\"1\" role=\"button\" aria-controls=\"elementor-tab-content-2241\" aria-expanded=\"false\">\n\t\t\t\t\t\t\t\t\t\t\t\t\t<span class=\"elementor-accordion-icon elementor-accordion-icon-left\" aria-hidden=\"true\">\n\t\t\t\t\t\t\t\t\t\t\t\t\t\t\t<span class=\"elementor-accordion-icon-closed\"><svg xmlns=\"http:\/\/www.w3.org\/2000\/svg\" xmlns:xlink=\"http:\/\/www.w3.org\/1999\/xlink\" id=\"Layer_1\" x=\"0px\" y=\"0px\" viewBox=\"0 0 200 200\" style=\"enable-background:new 0 0 200 200;\" xml:space=\"preserve\"><style type=\"text\/css\">\t.st0{fill:#08090A;}<\/style><g>\t<path class=\"st0\" d=\"M100.4,168.9c-0.7,0-1.4-0.3-1.9-0.8L10.7,74.9c-0.8-0.8-0.9-2.1-0.4-3.1L33,32.2c0.5-0.8,1.3-1.3,2.3-1.3  h11.9c1.5,0,2.6,1.2,2.6,2.6c0,1.5-1.2,2.6-2.6,2.6H36.8l-21,36.5l84.5,89.7l83.8-89.6l-23.4-36.6H100c-1.5,0-2.6-1.2-2.6-2.6  c0-1.5,1.2-2.6,2.6-2.6h62.2c0.9,0,1.7,0.5,2.2,1.2l25.2,39.6c0.6,1,0.5,2.3-0.3,3.2l-87.1,93.2C101.8,168.6,101.1,169,100.4,168.9  \"><\/path>\t<path class=\"st0\" d=\"M138.6,128c-0.7,0-1.4-0.3-1.9-0.8L46.1,35.4c-1-1-1-2.7,0-3.7c1-1,2.7-1,3.7,0l90.6,91.8c1,1,1,2.7,0,3.7  C139.9,127.8,139.2,128,138.6,128\"><\/path><\/g><\/svg><\/span>\n\t\t\t\t\t\t\t\t<span class=\"elementor-accordion-icon-opened\"><svg xmlns=\"http:\/\/www.w3.org\/2000\/svg\" xmlns:xlink=\"http:\/\/www.w3.org\/1999\/xlink\" id=\"Layer_1\" x=\"0px\" y=\"0px\" viewBox=\"0 0 200 200\" style=\"enable-background:new 0 0 200 200;\" xml:space=\"preserve\"><style type=\"text\/css\">\t.st0{fill:#08090A;}<\/style><g>\t<path class=\"st0\" d=\"M100.4,168.9c-0.7,0-1.4-0.3-1.9-0.8L10.7,74.9c-0.8-0.8-0.9-2.1-0.4-3.1L33,32.2c0.5-0.8,1.3-1.3,2.3-1.3  h11.9c1.5,0,2.6,1.2,2.6,2.6c0,1.5-1.2,2.6-2.6,2.6H36.8l-21,36.5l84.5,89.7l83.8-89.6l-23.4-36.6H100c-1.5,0-2.6-1.2-2.6-2.6  c0-1.5,1.2-2.6,2.6-2.6h62.2c0.9,0,1.7,0.5,2.2,1.2l25.2,39.6c0.6,1,0.5,2.3-0.3,3.2l-87.1,93.2C101.8,168.6,101.1,169,100.4,168.9  \"><\/path>\t<path class=\"st0\" d=\"M138.6,128c-0.7,0-1.4-0.3-1.9-0.8L46.1,35.4c-1-1-1-2.7,0-3.7c1-1,2.7-1,3.7,0l90.6,91.8c1,1,1,2.7,0,3.7  C139.9,127.8,139.2,128,138.6,128\"><\/path><\/g><\/svg><\/span>\n\t\t\t\t\t\t\t\t\t\t\t\t\t\t<\/span>\n\t\t\t\t\t\t\t\t\t\t\t\t<a class=\"elementor-accordion-title\" tabindex=\"0\">Servicios de comunicaci\u00f3n<\/a>\n\t\t\t\t\t<\/h2>\n\t\t\t\t\t<div id=\"elementor-tab-content-2241\" class=\"elementor-tab-content elementor-clearfix\" data-tab=\"1\" role=\"region\" aria-labelledby=\"elementor-tab-title-2241\"><ul><li>Creaci\u00f3n de marca.<\/li><li>Plan de comunicaci\u00f3n.<\/li><li>Comunicaci\u00f3n corporativa.<\/li><li>Creaci\u00f3n de material gr\u00e1fico corporativo.<\/li><li>Branding (naming, creaci\u00f3n logotipos\u2026 )<\/li><li>Rotulaciones (locales comerciales, coches, furgonetas)<\/li><li>Gabinete de prensa<\/li><li>Creaci\u00f3n y programaci\u00f3n de p\u00e1ginas web.<\/li><li>Marketing digital (e-mailings, marketing viral, newsletters\u2026)<\/li><li>Gesti\u00f3n de redes sociales.<\/li><li>Posicionamiento org\u00e1nico y patrocinado (SEO y SEM).<\/li><\/ul><\/div>\n\t\t\t\t<\/div>\n\t\t\t\t\t\t\t\t<\/div>\n\t\t\t\t\t\t<\/div>\n\t\t\t\t<\/div>\n\t\t\t\t\t<\/div>\n\t\t<\/div>\n\t\t\t\t\t<\/div>\n\t\t<\/section>\n\t\t\t\t<section class=\"elementor-section elementor-top-section elementor-element elementor-element-69084d1 elementor-section-boxed elementor-section-height-default elementor-section-height-default qodef-elementor-content-no\" data-id=\"69084d1\" data-element_type=\"section\" data-e-type=\"section\">\n\t\t\t\t\t\t<div class=\"elementor-container elementor-column-gap-default\">\n\t\t\t\t\t<div class=\"elementor-column elementor-col-100 elementor-top-column elementor-element elementor-element-92cce2d\" data-id=\"92cce2d\" data-element_type=\"column\" data-e-type=\"column\">\n\t\t\t<div class=\"elementor-widget-wrap elementor-element-populated\">\n\t\t\t\t\t\t<div class=\"elementor-element elementor-element-6f0bc72 elementor-widget elementor-widget-text-editor\" data-id=\"6f0bc72\" data-element_type=\"widget\" data-e-type=\"widget\" data-widget_type=\"text-editor.default\">\n\t\t\t\t<div class=\"elementor-widget-container\">\n\t\t\t\t\t\t\t\t\t<p>Todos los servicios que ofrecemos son personalizados.<\/p><p>Queremos conocer tu marca, qu\u00e9 hace y c\u00f3mo se comunica en su d\u00eda a d\u00eda. Aprendemos de su ADN corporativo para trasladar el talante de la empresa a cada acci\u00f3n comunicativa que se necesite.<\/p>\t\t\t\t\t\t\t\t<\/div>\n\t\t\t\t<\/div>\n\t\t\t\t\t<\/div>\n\t\t<\/div>\n\t\t\t\t\t<\/div>\n\t\t<\/section>\n\t\t\t\t<\/div>\n\t\t","protected":false},"excerpt":{"rendered":"<p>ASESOR\u00cdA INTEGRAL CON EXPERI\u00c8NCIA CONTRASTADA Asesor\u00eda de comunicaci\u00f3n Te acompa\u00f1amos en la divulgaci\u00f3n y digitalizaci\u00f3n de tu marca. Apostamos por potenciar acciones que reflejen el alma de la empresa, desde el plan estrat\u00e9gico hasta la difusi\u00f3n en redes sociales, pasando por el email marketing, a utilizar una direcci\u00f3n de correo electr\u00f3nico corporativa o a planificar [&hellip;]<\/p>\n","protected":false},"author":1,"featured_media":0,"parent":15037,"menu_order":0,"comment_status":"closed","ping_status":"closed","template":"page-full-width.php","meta":{"inline_featured_image":false,"footnotes":""},"class_list":["post-15104","page","type-page","status-publish","hentry"],"yoast_head":"<!-- This site is optimized with the Yoast SEO plugin v27.4 - https:\/\/yoast.com\/product\/yoast-seo-wordpress\/ -->\n<title>Asesor\u00eda de comunicaci\u00f3n | Lleal Tuls\u00e0 Assessors | Servicios<\/title>\n<meta name=\"description\" content=\"Des del \u00e1rea de asesor\u00eda de comunicaci\u00f3n de Lleal Tuls\u00e0 trabajamos para situar en el mapa digital las empresas que lo deseen.\" \/>\n<meta name=\"robots\" content=\"index, follow, max-snippet:-1, max-image-preview:large, max-video-preview:-1\" \/>\n<link rel=\"canonical\" href=\"https:\/\/www.llealtulsa.com\/serveis\/assessoria-de-comunicacio\/\" \/>\n<meta property=\"og:locale\" content=\"es_ES\" \/>\n<meta property=\"og:type\" content=\"article\" \/>\n<meta property=\"og:title\" content=\"Asesor\u00eda de comunicaci\u00f3n | Lleal Tuls\u00e0 Assessors | Servicios\" \/>\n<meta property=\"og:description\" content=\"Des del \u00e1rea de asesor\u00eda de comunicaci\u00f3n de Lleal Tuls\u00e0 trabajamos para situar en el mapa digital las empresas que lo deseen.\" \/>\n<meta property=\"og:url\" content=\"https:\/\/www.llealtulsa.com\/serveis\/assessoria-de-comunicacio\/\" \/>\n<meta property=\"og:site_name\" content=\"Lleal Tuls\u00e0 Assessors\" \/>\n<meta property=\"article:publisher\" content=\"https:\/\/www.facebook.com\/LlealTulsaAssessors\" \/>\n<meta property=\"article:modified_time\" content=\"2023-11-17T08:27:20+00:00\" \/>\n<meta name=\"twitter:label1\" content=\"Tiempo de lectura\" \/>\n\t<meta name=\"twitter:data1\" content=\"2 minutos\" \/>\n<script type=\"application\/ld+json\" class=\"yoast-schema-graph\">{\"@context\":\"https:\\\/\\\/schema.org\",\"@graph\":[{\"@type\":\"WebPage\",\"@id\":\"https:\\\/\\\/www.llealtulsa.com\\\/serveis\\\/assessoria-de-comunicacio\\\/\",\"url\":\"https:\\\/\\\/www.llealtulsa.com\\\/serveis\\\/assessoria-de-comunicacio\\\/\",\"name\":\"Asesor\u00eda de comunicaci\u00f3n | Lleal Tuls\u00e0 Assessors | Servicios\",\"isPartOf\":{\"@id\":\"https:\\\/\\\/www.llealtulsa.com\\\/#website\"},\"datePublished\":\"2022-03-29T13:34:24+00:00\",\"dateModified\":\"2023-11-17T08:27:20+00:00\",\"description\":\"Des del \u00e1rea de asesor\u00eda de comunicaci\u00f3n de Lleal Tuls\u00e0 trabajamos para situar en el mapa digital las empresas que lo deseen.\",\"breadcrumb\":{\"@id\":\"https:\\\/\\\/www.llealtulsa.com\\\/serveis\\\/assessoria-de-comunicacio\\\/#breadcrumb\"},\"inLanguage\":\"es\",\"potentialAction\":[{\"@type\":\"ReadAction\",\"target\":[\"https:\\\/\\\/www.llealtulsa.com\\\/serveis\\\/assessoria-de-comunicacio\\\/\"]}]},{\"@type\":\"BreadcrumbList\",\"@id\":\"https:\\\/\\\/www.llealtulsa.com\\\/serveis\\\/assessoria-de-comunicacio\\\/#breadcrumb\",\"itemListElement\":[{\"@type\":\"ListItem\",\"position\":1,\"name\":\"Inici\",\"item\":\"https:\\\/\\\/www.llealtulsa.com\\\/\"},{\"@type\":\"ListItem\",\"position\":2,\"name\":\"Nuestros servicios\",\"item\":\"https:\\\/\\\/www.llealtulsa.com\\\/es\\\/servicios\\\/\"},{\"@type\":\"ListItem\",\"position\":3,\"name\":\"Asesor\u00eda de comunicaci\u00f3n\"}]},{\"@type\":\"WebSite\",\"@id\":\"https:\\\/\\\/www.llealtulsa.com\\\/#website\",\"url\":\"https:\\\/\\\/www.llealtulsa.com\\\/\",\"name\":\"Lleal Tuls\u00e0 Assessors\",\"description\":\"Asesoramiento integral para particulares y empresas desde 1984\",\"publisher\":{\"@id\":\"https:\\\/\\\/www.llealtulsa.com\\\/#organization\"},\"potentialAction\":[{\"@type\":\"SearchAction\",\"target\":{\"@type\":\"EntryPoint\",\"urlTemplate\":\"https:\\\/\\\/www.llealtulsa.com\\\/?s={search_term_string}\"},\"query-input\":{\"@type\":\"PropertyValueSpecification\",\"valueRequired\":true,\"valueName\":\"search_term_string\"}}],\"inLanguage\":\"es\"},{\"@type\":\"Organization\",\"@id\":\"https:\\\/\\\/www.llealtulsa.com\\\/#organization\",\"name\":\"Lleal Tuls\u00e0\",\"url\":\"https:\\\/\\\/www.llealtulsa.com\\\/\",\"logo\":{\"@type\":\"ImageObject\",\"inLanguage\":\"es\",\"@id\":\"https:\\\/\\\/www.llealtulsa.com\\\/#\\\/schema\\\/logo\\\/image\\\/\",\"url\":\"https:\\\/\\\/www.llealtulsa.com\\\/wp-content\\\/uploads\\\/2014\\\/04\\\/logo-lleal-tulsa-500px.png\",\"contentUrl\":\"https:\\\/\\\/www.llealtulsa.com\\\/wp-content\\\/uploads\\\/2014\\\/04\\\/logo-lleal-tulsa-500px.png\",\"width\":500,\"height\":150,\"caption\":\"Lleal Tuls\u00e0\"},\"image\":{\"@id\":\"https:\\\/\\\/www.llealtulsa.com\\\/#\\\/schema\\\/logo\\\/image\\\/\"},\"sameAs\":[\"https:\\\/\\\/www.facebook.com\\\/LlealTulsaAssessors\",\"https:\\\/\\\/x.com\\\/lleal_tulsa\",\"https:\\\/\\\/www.instagram.com\\\/llealtulsa\\\/\",\"https:\\\/\\\/www.linkedin.com\\\/company\\\/lleal-tuls-assessors\\\/\",\"https:\\\/\\\/www.youtube.com\\\/channel\\\/UCxLROGtt5RbLQakAFn6dVqw\"]}]}<\/script>\n<!-- \/ Yoast SEO plugin. -->","yoast_head_json":{"title":"Asesor\u00eda de comunicaci\u00f3n | Lleal Tuls\u00e0 Assessors | Servicios","description":"Des del \u00e1rea de asesor\u00eda de comunicaci\u00f3n de Lleal Tuls\u00e0 trabajamos para situar en el mapa digital las empresas que lo deseen.","robots":{"index":"index","follow":"follow","max-snippet":"max-snippet:-1","max-image-preview":"max-image-preview:large","max-video-preview":"max-video-preview:-1"},"canonical":"https:\/\/www.llealtulsa.com\/serveis\/assessoria-de-comunicacio\/","og_locale":"es_ES","og_type":"article","og_title":"Asesor\u00eda de comunicaci\u00f3n | Lleal Tuls\u00e0 Assessors | Servicios","og_description":"Des del \u00e1rea de asesor\u00eda de comunicaci\u00f3n de Lleal Tuls\u00e0 trabajamos para situar en el mapa digital las empresas que lo deseen.","og_url":"https:\/\/www.llealtulsa.com\/serveis\/assessoria-de-comunicacio\/","og_site_name":"Lleal Tuls\u00e0 Assessors","article_publisher":"https:\/\/www.facebook.com\/LlealTulsaAssessors","article_modified_time":"2023-11-17T08:27:20+00:00","twitter_misc":{"Tiempo de lectura":"2 minutos"},"schema":{"@context":"https:\/\/schema.org","@graph":[{"@type":"WebPage","@id":"https:\/\/www.llealtulsa.com\/serveis\/assessoria-de-comunicacio\/","url":"https:\/\/www.llealtulsa.com\/serveis\/assessoria-de-comunicacio\/","name":"Asesor\u00eda de comunicaci\u00f3n | Lleal Tuls\u00e0 Assessors | Servicios","isPartOf":{"@id":"https:\/\/www.llealtulsa.com\/#website"},"datePublished":"2022-03-29T13:34:24+00:00","dateModified":"2023-11-17T08:27:20+00:00","description":"Des del \u00e1rea de asesor\u00eda de comunicaci\u00f3n de Lleal Tuls\u00e0 trabajamos para situar en el mapa digital las empresas que lo deseen.","breadcrumb":{"@id":"https:\/\/www.llealtulsa.com\/serveis\/assessoria-de-comunicacio\/#breadcrumb"},"inLanguage":"es","potentialAction":[{"@type":"ReadAction","target":["https:\/\/www.llealtulsa.com\/serveis\/assessoria-de-comunicacio\/"]}]},{"@type":"BreadcrumbList","@id":"https:\/\/www.llealtulsa.com\/serveis\/assessoria-de-comunicacio\/#breadcrumb","itemListElement":[{"@type":"ListItem","position":1,"name":"Inici","item":"https:\/\/www.llealtulsa.com\/"},{"@type":"ListItem","position":2,"name":"Nuestros servicios","item":"https:\/\/www.llealtulsa.com\/es\/servicios\/"},{"@type":"ListItem","position":3,"name":"Asesor\u00eda de comunicaci\u00f3n"}]},{"@type":"WebSite","@id":"https:\/\/www.llealtulsa.com\/#website","url":"https:\/\/www.llealtulsa.com\/","name":"Lleal Tuls\u00e0 Assessors","description":"Asesoramiento integral para particulares y empresas desde 1984","publisher":{"@id":"https:\/\/www.llealtulsa.com\/#organization"},"potentialAction":[{"@type":"SearchAction","target":{"@type":"EntryPoint","urlTemplate":"https:\/\/www.llealtulsa.com\/?s={search_term_string}"},"query-input":{"@type":"PropertyValueSpecification","valueRequired":true,"valueName":"search_term_string"}}],"inLanguage":"es"},{"@type":"Organization","@id":"https:\/\/www.llealtulsa.com\/#organization","name":"Lleal Tuls\u00e0","url":"https:\/\/www.llealtulsa.com\/","logo":{"@type":"ImageObject","inLanguage":"es","@id":"https:\/\/www.llealtulsa.com\/#\/schema\/logo\/image\/","url":"https:\/\/www.llealtulsa.com\/wp-content\/uploads\/2014\/04\/logo-lleal-tulsa-500px.png","contentUrl":"https:\/\/www.llealtulsa.com\/wp-content\/uploads\/2014\/04\/logo-lleal-tulsa-500px.png","width":500,"height":150,"caption":"Lleal Tuls\u00e0"},"image":{"@id":"https:\/\/www.llealtulsa.com\/#\/schema\/logo\/image\/"},"sameAs":["https:\/\/www.facebook.com\/LlealTulsaAssessors","https:\/\/x.com\/lleal_tulsa","https:\/\/www.instagram.com\/llealtulsa\/","https:\/\/www.linkedin.com\/company\/lleal-tuls-assessors\/","https:\/\/www.youtube.com\/channel\/UCxLROGtt5RbLQakAFn6dVqw"]}]}},"_links":{"self":[{"href":"https:\/\/www.llealtulsa.com\/es\/wp-json\/wp\/v2\/pages\/15104","targetHints":{"allow":["GET"]}}],"collection":[{"href":"https:\/\/www.llealtulsa.com\/es\/wp-json\/wp\/v2\/pages"}],"about":[{"href":"https:\/\/www.llealtulsa.com\/es\/wp-json\/wp\/v2\/types\/page"}],"author":[{"embeddable":true,"href":"https:\/\/www.llealtulsa.com\/es\/wp-json\/wp\/v2\/users\/1"}],"replies":[{"embeddable":true,"href":"https:\/\/www.llealtulsa.com\/es\/wp-json\/wp\/v2\/comments?post=15104"}],"version-history":[{"count":5,"href":"https:\/\/www.llealtulsa.com\/es\/wp-json\/wp\/v2\/pages\/15104\/revisions"}],"predecessor-version":[{"id":17095,"href":"https:\/\/www.llealtulsa.com\/es\/wp-json\/wp\/v2\/pages\/15104\/revisions\/17095"}],"up":[{"embeddable":true,"href":"https:\/\/www.llealtulsa.com\/es\/wp-json\/wp\/v2\/pages\/15037"}],"wp:attachment":[{"href":"https:\/\/www.llealtulsa.com\/es\/wp-json\/wp\/v2\/media?parent=15104"}],"curies":[{"name":"wp","href":"https:\/\/api.w.org\/{rel}","templated":true}]}}