{"id":15146,"date":"2022-03-29T16:38:06","date_gmt":"2022-03-29T14:38:06","guid":{"rendered":"https:\/\/www.llealtulsa.com\/servicios\/serveis-immobiliaris\/"},"modified":"2023-11-17T10:30:14","modified_gmt":"2023-11-17T08:30:14","slug":"servicios-inmobiliarios","status":"publish","type":"page","link":"https:\/\/www.llealtulsa.com\/es\/servicios\/servicios-inmobiliarios\/","title":{"rendered":"Servicios inmobiliarios"},"content":{"rendered":"\t\t<div data-elementor-type=\"wp-page\" data-elementor-id=\"15146\" class=\"elementor elementor-15146 elementor-13985\">\n\t\t\t\t\t\t<section class=\"elementor-section elementor-top-section elementor-element elementor-element-5af965c elementor-section-boxed elementor-section-height-default elementor-section-height-default qodef-elementor-content-no\" data-id=\"5af965c\" data-element_type=\"section\" data-e-type=\"section\">\n\t\t\t\t\t\t<div class=\"elementor-container elementor-column-gap-default\">\n\t\t\t\t\t<div class=\"elementor-column elementor-col-100 elementor-top-column elementor-element elementor-element-8d11603\" data-id=\"8d11603\" data-element_type=\"column\" data-e-type=\"column\">\n\t\t\t<div class=\"elementor-widget-wrap elementor-element-populated\">\n\t\t\t\t\t\t<div class=\"elementor-element elementor-element-c66c4a9 elementor-widget elementor-widget-valiance_core_section_title\" data-id=\"c66c4a9\" data-element_type=\"widget\" data-e-type=\"widget\" data-widget_type=\"valiance_core_section_title.default\">\n\t\t\t\t<div class=\"elementor-widget-container\">\n\t\t\t\t\t<div class=\"qodef-shortcode qodef-m  qodef-section-title qodef-alignment--left  \">\n\t\t<p class=\"qodef-m-subtitle\" style=\"color: #B23933;margin-bottom: 9px\">ASESOR\u00cdA INTEGRAL CON EXPERI\u00c8NCIA CONTRASTADA<\/p>\n\t\t<h2 class=\"qodef-m-title\" >\n\t\t\t\t\tServicios inmobiliarios\t\t\t<\/h2>\n\t<\/div>\n\t\t\t\t<\/div>\n\t\t\t\t<\/div>\n\t\t\t\t\t<\/div>\n\t\t<\/div>\n\t\t\t\t\t<\/div>\n\t\t<\/section>\n\t\t\t\t<section class=\"elementor-section elementor-top-section elementor-element elementor-element-17c6ee8 elementor-section-boxed elementor-section-height-default elementor-section-height-default qodef-elementor-content-no\" data-id=\"17c6ee8\" data-element_type=\"section\" data-e-type=\"section\">\n\t\t\t\t\t\t<div class=\"elementor-container elementor-column-gap-default\">\n\t\t\t\t\t<div class=\"elementor-column elementor-col-100 elementor-top-column elementor-element elementor-element-90b3f31\" data-id=\"90b3f31\" data-element_type=\"column\" data-e-type=\"column\">\n\t\t\t<div class=\"elementor-widget-wrap elementor-element-populated\">\n\t\t\t\t\t\t<div class=\"elementor-element elementor-element-ffe8e33 elementor-widget elementor-widget-text-editor\" data-id=\"ffe8e33\" data-element_type=\"widget\" data-e-type=\"widget\" data-widget_type=\"text-editor.default\">\n\t\t\t\t<div class=\"elementor-widget-container\">\n\t\t\t\t\t\t\t\t\t<p><a href=\"https:\/\/www.fincahabitat.cat\/\" target=\"_blank\" rel=\"noopener\">Fincahabitat.com <\/a>de Lleal Tuls\u00e0 es un servicio que se dedica al asesoramiento de servicios inmobiliarios y su gesti\u00f3n.<\/p><p>La mediaci\u00f3n en el mercado inmobiliario habitualmente est\u00e1 directamente relacionada con tem\u00e1tica de tipo jur\u00eddico, fiscal o mercantil. Por eso, disponemos de un equipo de profesionales expertos que te asesorar\u00e1n y resolver\u00e1n en todo momento la problem\u00e1tica que la mediaci\u00f3n inmobiliaria pueda plantear.<\/p><p>Adem\u00e1s, disponemos de un equipo de profesionales expertos en las siguientes materias que te asesorar\u00e1n y resolver\u00e1n en todo momento la problem\u00e1tica que pueda plantear la mediaci\u00f3n inmobiliaria.<\/p>\t\t\t\t\t\t\t\t<\/div>\n\t\t\t\t<\/div>\n\t\t\t\t\t<\/div>\n\t\t<\/div>\n\t\t\t\t\t<\/div>\n\t\t<\/section>\n\t\t\t\t<section class=\"elementor-section elementor-top-section elementor-element elementor-element-d1e8ffb elementor-section-boxed elementor-section-height-default elementor-section-height-default qodef-elementor-content-no\" data-id=\"d1e8ffb\" data-element_type=\"section\" data-e-type=\"section\">\n\t\t\t\t\t\t<div class=\"elementor-container elementor-column-gap-default\">\n\t\t\t\t\t<div class=\"elementor-column elementor-col-100 elementor-top-column elementor-element elementor-element-c00b9de\" data-id=\"c00b9de\" data-element_type=\"column\" data-e-type=\"column\">\n\t\t\t<div class=\"elementor-widget-wrap elementor-element-populated\">\n\t\t\t\t\t\t<div class=\"elementor-element elementor-element-a18e947 elementor-widget elementor-widget-accordion\" data-id=\"a18e947\" data-element_type=\"widget\" data-e-type=\"widget\" data-widget_type=\"accordion.default\">\n\t\t\t\t<div class=\"elementor-widget-container\">\n\t\t\t\t\t\t\t<div class=\"elementor-accordion\">\n\t\t\t\t\t\t\t<div class=\"elementor-accordion-item\">\n\t\t\t\t\t<h2 id=\"elementor-tab-title-1691\" class=\"elementor-tab-title\" data-tab=\"1\" role=\"button\" aria-controls=\"elementor-tab-content-1691\" aria-expanded=\"false\">\n\t\t\t\t\t\t\t\t\t\t\t\t\t<span class=\"elementor-accordion-icon elementor-accordion-icon-left\" aria-hidden=\"true\">\n\t\t\t\t\t\t\t\t\t\t\t\t\t\t\t<span class=\"elementor-accordion-icon-closed\"><svg xmlns=\"http:\/\/www.w3.org\/2000\/svg\" xmlns:xlink=\"http:\/\/www.w3.org\/1999\/xlink\" id=\"Layer_1\" x=\"0px\" y=\"0px\" viewBox=\"0 0 200 200\" style=\"enable-background:new 0 0 200 200;\" xml:space=\"preserve\"><style type=\"text\/css\">\t.st0{fill:#08090A;}<\/style><g>\t<path class=\"st0\" d=\"M152.5,142h-105c-1.1,0-2.1-0.9-2.1-2.1v-36.7c0-1.1,0.9-2.1,2.1-2.1h26.8c1.1,0,2.1,0.9,2.1,2.1  c0,1.1-0.9,2.1-2.1,2.1H49.5v32.6h100.9V35.1H49.5V65c0,1.1-0.9,2.1-2.1,2.1c-1.1,0-2.1-0.9-2.1-2.1V33c0-1.1,0.9-2.1,2.1-2.1h105  c1.1,0,2.1,0.9,2.1,2.1v107C154.6,141.1,153.7,142,152.5,142\"><\/path>\t<path class=\"st0\" d=\"M100,169.4c-1.1,0-2.1-0.9-2.1-2.1V59.9c0-1.1,0.9-2.1,2.1-2.1c1.1,0,2.1,0.9,2.1,2.1v107.4  C102.1,168.5,101.1,169.4,100,169.4\"><\/path><\/g><\/svg><\/span>\n\t\t\t\t\t\t\t\t<span class=\"elementor-accordion-icon-opened\"><svg xmlns=\"http:\/\/www.w3.org\/2000\/svg\" xmlns:xlink=\"http:\/\/www.w3.org\/1999\/xlink\" id=\"Layer_1\" x=\"0px\" y=\"0px\" viewBox=\"0 0 200 200\" style=\"enable-background:new 0 0 200 200;\" xml:space=\"preserve\"><style type=\"text\/css\">\t.st0{fill:#08090A;}<\/style><g>\t<path class=\"st0\" d=\"M152.5,142h-105c-1.1,0-2.1-0.9-2.1-2.1v-36.7c0-1.1,0.9-2.1,2.1-2.1h26.8c1.1,0,2.1,0.9,2.1,2.1  c0,1.1-0.9,2.1-2.1,2.1H49.5v32.6h100.9V35.1H49.5V65c0,1.1-0.9,2.1-2.1,2.1c-1.1,0-2.1-0.9-2.1-2.1V33c0-1.1,0.9-2.1,2.1-2.1h105  c1.1,0,2.1,0.9,2.1,2.1v107C154.6,141.1,153.7,142,152.5,142\"><\/path>\t<path class=\"st0\" d=\"M100,169.4c-1.1,0-2.1-0.9-2.1-2.1V59.9c0-1.1,0.9-2.1,2.1-2.1c1.1,0,2.1,0.9,2.1,2.1v107.4  C102.1,168.5,101.1,169.4,100,169.4\"><\/path><\/g><\/svg><\/span>\n\t\t\t\t\t\t\t\t\t\t\t\t\t\t<\/span>\n\t\t\t\t\t\t\t\t\t\t\t\t<a class=\"elementor-accordion-title\" tabindex=\"0\">Servicios inmobiliarios<\/a>\n\t\t\t\t\t<\/h2>\n\t\t\t\t\t<div id=\"elementor-tab-content-1691\" class=\"elementor-tab-content elementor-clearfix\" data-tab=\"1\" role=\"region\" aria-labelledby=\"elementor-tab-title-1691\"><ul><li>Alquileres y ventas<\/li><li>Administraci\u00f3n y valoraci\u00f3n de alquileres y\/o ventas<\/li><li>Gesti\u00f3n de patrimonios inmobiliarios<\/li><li>Asesoramiento inmobiliario<\/li><li>C\u00e9dulas de habitabilidad (CH)<\/li><li>Certificados de eficiencia energ\u00e9tica (CEE)<\/li><li>Peritajes judiciales inmobiliarios<\/li><li>An\u00e1lisis de inversiones inmobiliarias<\/li><li>Seguros de inmuebles y alquiler<\/li><li>Marketing inmobiliario<\/li><\/ul><\/div>\n\t\t\t\t<\/div>\n\t\t\t\t\t\t\t\t<\/div>\n\t\t\t\t\t\t<\/div>\n\t\t\t\t<\/div>\n\t\t\t\t\t<\/div>\n\t\t<\/div>\n\t\t\t\t\t<\/div>\n\t\t<\/section>\n\t\t\t\t<\/div>\n\t\t","protected":false},"excerpt":{"rendered":"<p>ASESOR\u00cdA INTEGRAL CON EXPERI\u00c8NCIA CONTRASTADA Servicios inmobiliarios Fincahabitat.com de Lleal Tuls\u00e0 es un servicio que se dedica al asesoramiento de servicios inmobiliarios y su gesti\u00f3n. La mediaci\u00f3n en el mercado inmobiliario habitualmente est\u00e1 directamente relacionada con tem\u00e1tica de tipo jur\u00eddico, fiscal o mercantil. Por eso, disponemos de un equipo de profesionales expertos que te asesorar\u00e1n [&hellip;]<\/p>\n","protected":false},"author":1,"featured_media":0,"parent":15037,"menu_order":0,"comment_status":"closed","ping_status":"closed","template":"page-full-width.php","meta":{"inline_featured_image":false,"footnotes":""},"class_list":["post-15146","page","type-page","status-publish","hentry"],"yoast_head":"<!-- This site is optimized with the Yoast SEO plugin v27.4 - https:\/\/yoast.com\/product\/yoast-seo-wordpress\/ -->\n<title>Servicios inmobiliarios | Lleal Tuls\u00e0 Assessors | Servicios<\/title>\n<meta name=\"description\" content=\"Fincahabitat.com de Lleal Tuls\u00e0 es un servicio que se dedica al asesoramiento de servicios inmobiliarios y su gesti\u00f3n.\" \/>\n<meta name=\"robots\" content=\"index, follow, max-snippet:-1, max-image-preview:large, max-video-preview:-1\" \/>\n<link rel=\"canonical\" href=\"https:\/\/www.llealtulsa.com\/serveis\/serveis-immobiliaris\/\" \/>\n<meta property=\"og:locale\" content=\"es_ES\" \/>\n<meta property=\"og:type\" content=\"article\" \/>\n<meta property=\"og:title\" content=\"Servicios inmobiliarios | Lleal Tuls\u00e0 Assessors | Servicios\" \/>\n<meta property=\"og:description\" content=\"Fincahabitat.com de Lleal Tuls\u00e0 es un servicio que se dedica al asesoramiento de servicios inmobiliarios y su gesti\u00f3n.\" \/>\n<meta property=\"og:url\" content=\"https:\/\/www.llealtulsa.com\/serveis\/serveis-immobiliaris\/\" \/>\n<meta property=\"og:site_name\" content=\"Lleal Tuls\u00e0 Assessors\" \/>\n<meta property=\"article:publisher\" content=\"https:\/\/www.facebook.com\/LlealTulsaAssessors\" \/>\n<meta property=\"article:modified_time\" content=\"2023-11-17T08:30:14+00:00\" \/>\n<meta name=\"twitter:label1\" content=\"Tiempo de lectura\" \/>\n\t<meta name=\"twitter:data1\" content=\"1 minuto\" \/>\n<script type=\"application\/ld+json\" class=\"yoast-schema-graph\">{\"@context\":\"https:\\\/\\\/schema.org\",\"@graph\":[{\"@type\":\"WebPage\",\"@id\":\"https:\\\/\\\/www.llealtulsa.com\\\/serveis\\\/serveis-immobiliaris\\\/\",\"url\":\"https:\\\/\\\/www.llealtulsa.com\\\/serveis\\\/serveis-immobiliaris\\\/\",\"name\":\"Servicios inmobiliarios | Lleal Tuls\u00e0 Assessors | Servicios\",\"isPartOf\":{\"@id\":\"https:\\\/\\\/www.llealtulsa.com\\\/#website\"},\"datePublished\":\"2022-03-29T14:38:06+00:00\",\"dateModified\":\"2023-11-17T08:30:14+00:00\",\"description\":\"Fincahabitat.com de Lleal Tuls\u00e0 es un servicio que se dedica al asesoramiento de servicios inmobiliarios y su gesti\u00f3n.\",\"breadcrumb\":{\"@id\":\"https:\\\/\\\/www.llealtulsa.com\\\/serveis\\\/serveis-immobiliaris\\\/#breadcrumb\"},\"inLanguage\":\"es\",\"potentialAction\":[{\"@type\":\"ReadAction\",\"target\":[\"https:\\\/\\\/www.llealtulsa.com\\\/serveis\\\/serveis-immobiliaris\\\/\"]}]},{\"@type\":\"BreadcrumbList\",\"@id\":\"https:\\\/\\\/www.llealtulsa.com\\\/serveis\\\/serveis-immobiliaris\\\/#breadcrumb\",\"itemListElement\":[{\"@type\":\"ListItem\",\"position\":1,\"name\":\"Inici\",\"item\":\"https:\\\/\\\/www.llealtulsa.com\\\/\"},{\"@type\":\"ListItem\",\"position\":2,\"name\":\"Nuestros servicios\",\"item\":\"https:\\\/\\\/www.llealtulsa.com\\\/es\\\/servicios\\\/\"},{\"@type\":\"ListItem\",\"position\":3,\"name\":\"Servicios inmobiliarios\"}]},{\"@type\":\"WebSite\",\"@id\":\"https:\\\/\\\/www.llealtulsa.com\\\/#website\",\"url\":\"https:\\\/\\\/www.llealtulsa.com\\\/\",\"name\":\"Lleal Tuls\u00e0 Assessors\",\"description\":\"Asesoramiento integral para particulares y empresas desde 1984\",\"publisher\":{\"@id\":\"https:\\\/\\\/www.llealtulsa.com\\\/#organization\"},\"potentialAction\":[{\"@type\":\"SearchAction\",\"target\":{\"@type\":\"EntryPoint\",\"urlTemplate\":\"https:\\\/\\\/www.llealtulsa.com\\\/?s={search_term_string}\"},\"query-input\":{\"@type\":\"PropertyValueSpecification\",\"valueRequired\":true,\"valueName\":\"search_term_string\"}}],\"inLanguage\":\"es\"},{\"@type\":\"Organization\",\"@id\":\"https:\\\/\\\/www.llealtulsa.com\\\/#organization\",\"name\":\"Lleal Tuls\u00e0\",\"url\":\"https:\\\/\\\/www.llealtulsa.com\\\/\",\"logo\":{\"@type\":\"ImageObject\",\"inLanguage\":\"es\",\"@id\":\"https:\\\/\\\/www.llealtulsa.com\\\/#\\\/schema\\\/logo\\\/image\\\/\",\"url\":\"https:\\\/\\\/www.llealtulsa.com\\\/wp-content\\\/uploads\\\/2014\\\/04\\\/logo-lleal-tulsa-500px.png\",\"contentUrl\":\"https:\\\/\\\/www.llealtulsa.com\\\/wp-content\\\/uploads\\\/2014\\\/04\\\/logo-lleal-tulsa-500px.png\",\"width\":500,\"height\":150,\"caption\":\"Lleal Tuls\u00e0\"},\"image\":{\"@id\":\"https:\\\/\\\/www.llealtulsa.com\\\/#\\\/schema\\\/logo\\\/image\\\/\"},\"sameAs\":[\"https:\\\/\\\/www.facebook.com\\\/LlealTulsaAssessors\",\"https:\\\/\\\/x.com\\\/lleal_tulsa\",\"https:\\\/\\\/www.instagram.com\\\/llealtulsa\\\/\",\"https:\\\/\\\/www.linkedin.com\\\/company\\\/lleal-tuls-assessors\\\/\",\"https:\\\/\\\/www.youtube.com\\\/channel\\\/UCxLROGtt5RbLQakAFn6dVqw\"]}]}<\/script>\n<!-- \/ Yoast SEO plugin. -->","yoast_head_json":{"title":"Servicios inmobiliarios | Lleal Tuls\u00e0 Assessors | Servicios","description":"Fincahabitat.com de Lleal Tuls\u00e0 es un servicio que se dedica al asesoramiento de servicios inmobiliarios y su gesti\u00f3n.","robots":{"index":"index","follow":"follow","max-snippet":"max-snippet:-1","max-image-preview":"max-image-preview:large","max-video-preview":"max-video-preview:-1"},"canonical":"https:\/\/www.llealtulsa.com\/serveis\/serveis-immobiliaris\/","og_locale":"es_ES","og_type":"article","og_title":"Servicios inmobiliarios | Lleal Tuls\u00e0 Assessors | Servicios","og_description":"Fincahabitat.com de Lleal Tuls\u00e0 es un servicio que se dedica al asesoramiento de servicios inmobiliarios y su gesti\u00f3n.","og_url":"https:\/\/www.llealtulsa.com\/serveis\/serveis-immobiliaris\/","og_site_name":"Lleal Tuls\u00e0 Assessors","article_publisher":"https:\/\/www.facebook.com\/LlealTulsaAssessors","article_modified_time":"2023-11-17T08:30:14+00:00","twitter_misc":{"Tiempo de lectura":"1 minuto"},"schema":{"@context":"https:\/\/schema.org","@graph":[{"@type":"WebPage","@id":"https:\/\/www.llealtulsa.com\/serveis\/serveis-immobiliaris\/","url":"https:\/\/www.llealtulsa.com\/serveis\/serveis-immobiliaris\/","name":"Servicios inmobiliarios | Lleal Tuls\u00e0 Assessors | Servicios","isPartOf":{"@id":"https:\/\/www.llealtulsa.com\/#website"},"datePublished":"2022-03-29T14:38:06+00:00","dateModified":"2023-11-17T08:30:14+00:00","description":"Fincahabitat.com de Lleal Tuls\u00e0 es un servicio que se dedica al asesoramiento de servicios inmobiliarios y su gesti\u00f3n.","breadcrumb":{"@id":"https:\/\/www.llealtulsa.com\/serveis\/serveis-immobiliaris\/#breadcrumb"},"inLanguage":"es","potentialAction":[{"@type":"ReadAction","target":["https:\/\/www.llealtulsa.com\/serveis\/serveis-immobiliaris\/"]}]},{"@type":"BreadcrumbList","@id":"https:\/\/www.llealtulsa.com\/serveis\/serveis-immobiliaris\/#breadcrumb","itemListElement":[{"@type":"ListItem","position":1,"name":"Inici","item":"https:\/\/www.llealtulsa.com\/"},{"@type":"ListItem","position":2,"name":"Nuestros servicios","item":"https:\/\/www.llealtulsa.com\/es\/servicios\/"},{"@type":"ListItem","position":3,"name":"Servicios inmobiliarios"}]},{"@type":"WebSite","@id":"https:\/\/www.llealtulsa.com\/#website","url":"https:\/\/www.llealtulsa.com\/","name":"Lleal Tuls\u00e0 Assessors","description":"Asesoramiento integral para particulares y empresas desde 1984","publisher":{"@id":"https:\/\/www.llealtulsa.com\/#organization"},"potentialAction":[{"@type":"SearchAction","target":{"@type":"EntryPoint","urlTemplate":"https:\/\/www.llealtulsa.com\/?s={search_term_string}"},"query-input":{"@type":"PropertyValueSpecification","valueRequired":true,"valueName":"search_term_string"}}],"inLanguage":"es"},{"@type":"Organization","@id":"https:\/\/www.llealtulsa.com\/#organization","name":"Lleal Tuls\u00e0","url":"https:\/\/www.llealtulsa.com\/","logo":{"@type":"ImageObject","inLanguage":"es","@id":"https:\/\/www.llealtulsa.com\/#\/schema\/logo\/image\/","url":"https:\/\/www.llealtulsa.com\/wp-content\/uploads\/2014\/04\/logo-lleal-tulsa-500px.png","contentUrl":"https:\/\/www.llealtulsa.com\/wp-content\/uploads\/2014\/04\/logo-lleal-tulsa-500px.png","width":500,"height":150,"caption":"Lleal Tuls\u00e0"},"image":{"@id":"https:\/\/www.llealtulsa.com\/#\/schema\/logo\/image\/"},"sameAs":["https:\/\/www.facebook.com\/LlealTulsaAssessors","https:\/\/x.com\/lleal_tulsa","https:\/\/www.instagram.com\/llealtulsa\/","https:\/\/www.linkedin.com\/company\/lleal-tuls-assessors\/","https:\/\/www.youtube.com\/channel\/UCxLROGtt5RbLQakAFn6dVqw"]}]}},"_links":{"self":[{"href":"https:\/\/www.llealtulsa.com\/es\/wp-json\/wp\/v2\/pages\/15146","targetHints":{"allow":["GET"]}}],"collection":[{"href":"https:\/\/www.llealtulsa.com\/es\/wp-json\/wp\/v2\/pages"}],"about":[{"href":"https:\/\/www.llealtulsa.com\/es\/wp-json\/wp\/v2\/types\/page"}],"author":[{"embeddable":true,"href":"https:\/\/www.llealtulsa.com\/es\/wp-json\/wp\/v2\/users\/1"}],"replies":[{"embeddable":true,"href":"https:\/\/www.llealtulsa.com\/es\/wp-json\/wp\/v2\/comments?post=15146"}],"version-history":[{"count":5,"href":"https:\/\/www.llealtulsa.com\/es\/wp-json\/wp\/v2\/pages\/15146\/revisions"}],"predecessor-version":[{"id":17113,"href":"https:\/\/www.llealtulsa.com\/es\/wp-json\/wp\/v2\/pages\/15146\/revisions\/17113"}],"up":[{"embeddable":true,"href":"https:\/\/www.llealtulsa.com\/es\/wp-json\/wp\/v2\/pages\/15037"}],"wp:attachment":[{"href":"https:\/\/www.llealtulsa.com\/es\/wp-json\/wp\/v2\/media?parent=15146"}],"curies":[{"name":"wp","href":"https:\/\/api.w.org\/{rel}","templated":true}]}}